{"id":4255,"date":"2025-06-16T17:42:21","date_gmt":"2025-06-16T17:42:21","guid":{"rendered":"https:\/\/fullsteelmp7.com\/?post_type=product&#038;p=4255"},"modified":"2025-08-04T15:49:02","modified_gmt":"2025-08-04T15:49:02","slug":"parches-full-steel-mp7","status":"publish","type":"product","link":"https:\/\/fullsteelmp7.com\/en\/product\/parches-full-steel-mp7","title":{"rendered":"Full Steel MP7 patch"},"content":{"rendered":"<p data-start=\"159\" data-end=\"249\">\ud83d\udee1\ufe0f <strong data-start=\"163\" data-end=\"245\">Full Steel MP7 Patch with more attitude than your favourite operator<\/strong> \ud83d\udee1\ufe0f<\/p>\n<p data-start=\"251\" data-end=\"485\">Do you want a patch that says <em data-start=\"279\" data-end=\"346\">&#8220;amo el acero, la acci\u00f3n y no me tomo la vida demasiado en serio&#8221;<\/em>? Well, here is the <strong data-start=\"366\" data-end=\"391\">Full Steel MP7 patch<\/strong>, made of durable <strong data-start=\"413\" data-end=\"420\">PVC<\/strong>with velcro that sticks better than your excuses for not going to the gym.<\/p>\n<p data-start=\"487\" data-end=\"763\">This small circle of, <strong data-start=\"512\" data-end=\"522\">9&#215;9 cm<\/strong> is more than a patch: it's a tactical statement with a sense of humour. Featuring the legendary <strong data-start=\"621\" data-end=\"639\">Full Steel MP7<\/strong>This patch is ideal for backpacks, jackets, hats, or wherever you want to make it clear that you play hard (and in style).<\/p>\n<p data-start=\"765\" data-end=\"1179\">\u00a0<strong data-start=\"768\" data-end=\"793\">Features:<\/strong>:<br data-start=\"794\" data-end=\"797\" \/>\u2714\ufe0f Made of <strong data-start=\"813\" data-end=\"836\">High quality PVC<\/strong> - resistant to water, mud and passive-aggressive comments<br data-start=\"904\" data-end=\"907\" \/>\u2714\ufe0f <strong data-start=\"910\" data-end=\"939\">Rear Velcro system<\/strong> - sticks and un-sticks more often than a toxic relationship<br data-start=\"993\" data-end=\"996\" \/>\u2714\ufe0f <strong data-start=\"999\" data-end=\"1016\" data-is-only-node=\"\">Size 9x9 cm<\/strong> - not too big, not too small: the ideal size to intimidate with elegance<br data-start=\"1093\" data-end=\"1096\" \/>\u2714\ufe0f Adds +10 in charisma and +5 in squad morale (unproven, but likely).<\/p>\n<p data-start=\"1181\" data-end=\"1254\">Stick one on, and let everyone know that steel is Full, and style...too.<\/p>","protected":false},"excerpt":{"rendered":"<p>\ud83d\udee1\ufe0f Parche Full Steel MP7 con m\u00e1s actitud que tu operador favorito \ud83d\udee1\ufe0f \u00bfQuieres un parche que diga &#8220;amo el acero, la acci\u00f3n y no me tomo la vida demasiado en serio&#8221;? Pues aqu\u00ed est\u00e1 el parche Full Steel MP7, hecho en resistente PVC, con velcro que se pega mejor que tus excusas para no [&hellip;]<\/p>\n","protected":false},"featured_media":4258,"comment_status":"open","ping_status":"closed","template":"","meta":{"_eb_attr":"","om_disable_all_campaigns":false,"_monsterinsights_skip_tracking":false,"_monsterinsights_sitenote_active":false,"_monsterinsights_sitenote_note":"","_monsterinsights_sitenote_category":0,"_uf_show_specific_survey":0,"_uf_disable_surveys":false},"product_brand":[],"product_cat":[55],"product_tag":[],"mwb_booking_cost":[],"mwb_booking_service":[],"class_list":{"0":"post-4255","1":"product","2":"type-product","3":"status-publish","4":"has-post-thumbnail","6":"product_cat-parches","8":"first","9":"instock","10":"taxable","11":"shipping-taxable","12":"purchasable","13":"product-type-simple"},"yoast_head":"<!-- This site is optimized with the Yoast SEO plugin v27.1.1 - https:\/\/yoast.com\/product\/yoast-seo-wordpress\/ -->\n<title>Parches Full Steel MP7 - Full Steel MP7<\/title>\n<meta name=\"robots\" content=\"index, follow, max-snippet:-1, max-image-preview:large, max-video-preview:-1\" \/>\n<link rel=\"canonical\" href=\"https:\/\/fullsteelmp7.com\/en\/product\/parches-full-steel-mp7\/\" \/>\n<meta property=\"og:locale\" content=\"en_GB\" \/>\n<meta property=\"og:type\" content=\"article\" \/>\n<meta property=\"og:title\" content=\"Parches Full Steel MP7 - Full Steel MP7\" \/>\n<meta property=\"og:description\" content=\"\ud83d\udee1\ufe0f Parche Full Steel MP7 con m\u00e1s actitud que tu operador favorito \ud83d\udee1\ufe0f \u00bfQuieres un parche que diga &#8220;amo el acero, la acci\u00f3n y no me tomo la vida demasiado en serio&#8221;? Pues aqu\u00ed est\u00e1 el parche Full Steel MP7, hecho en resistente PVC, con velcro que se pega mejor que tus excusas para no [&hellip;]\" \/>\n<meta property=\"og:url\" content=\"https:\/\/fullsteelmp7.com\/en\/product\/parches-full-steel-mp7\/\" \/>\n<meta property=\"og:site_name\" content=\"Full Steel MP7\" \/>\n<meta property=\"article:modified_time\" content=\"2025-08-04T15:49:02+00:00\" \/>\n<meta property=\"og:image\" content=\"https:\/\/fullsteelmp7.com\/wp-content\/uploads\/2025\/06\/parche_fondo_ladrillo-e1750228395807.jpg\" \/>\n\t<meta property=\"og:image:width\" content=\"1280\" \/>\n\t<meta property=\"og:image:height\" content=\"1150\" \/>\n\t<meta property=\"og:image:type\" content=\"image\/jpeg\" \/>\n<meta name=\"twitter:card\" content=\"summary_large_image\" \/>\n<meta name=\"twitter:label1\" content=\"Estimated reading time\" \/>\n\t<meta name=\"twitter:data1\" content=\"2 minutes\" \/>\n<script type=\"application\/ld+json\" class=\"yoast-schema-graph\">{\"@context\":\"https:\/\/schema.org\",\"@graph\":[{\"@type\":\"WebPage\",\"@id\":\"https:\/\/fullsteelmp7.com\/producto\/parches-full-steel-mp7\",\"url\":\"https:\/\/fullsteelmp7.com\/producto\/parches-full-steel-mp7\",\"name\":\"Parches Full Steel MP7 - Full Steel MP7\",\"isPartOf\":{\"@id\":\"https:\/\/fullsteelmp7.com\/#website\"},\"primaryImageOfPage\":{\"@id\":\"https:\/\/fullsteelmp7.com\/producto\/parches-full-steel-mp7#primaryimage\"},\"image\":{\"@id\":\"https:\/\/fullsteelmp7.com\/producto\/parches-full-steel-mp7#primaryimage\"},\"thumbnailUrl\":\"https:\/\/fullsteelmp7.com\/wp-content\/uploads\/2025\/06\/parche_fondo_ladrillo-e1750228395807.jpg\",\"datePublished\":\"2025-06-16T17:42:21+00:00\",\"dateModified\":\"2025-08-04T15:49:02+00:00\",\"breadcrumb\":{\"@id\":\"https:\/\/fullsteelmp7.com\/producto\/parches-full-steel-mp7#breadcrumb\"},\"inLanguage\":\"en-GB\",\"potentialAction\":[{\"@type\":\"ReadAction\",\"target\":[\"https:\/\/fullsteelmp7.com\/producto\/parches-full-steel-mp7\"]}]},{\"@type\":\"ImageObject\",\"inLanguage\":\"en-GB\",\"@id\":\"https:\/\/fullsteelmp7.com\/producto\/parches-full-steel-mp7#primaryimage\",\"url\":\"https:\/\/fullsteelmp7.com\/wp-content\/uploads\/2025\/06\/parche_fondo_ladrillo-e1750228395807.jpg\",\"contentUrl\":\"https:\/\/fullsteelmp7.com\/wp-content\/uploads\/2025\/06\/parche_fondo_ladrillo-e1750228395807.jpg\",\"width\":1280,\"height\":1150,\"caption\":\"Imagen de parche de Full Steel MP7 sobre fondo de ladrillos\"},{\"@type\":\"BreadcrumbList\",\"@id\":\"https:\/\/fullsteelmp7.com\/producto\/parches-full-steel-mp7#breadcrumb\",\"itemListElement\":[{\"@type\":\"ListItem\",\"position\":1,\"name\":\"Portada\",\"item\":\"https:\/\/fullsteelmp7.com\/\"},{\"@type\":\"ListItem\",\"position\":2,\"name\":\"Tienda\",\"item\":\"https:\/\/fullsteelmp7.com\/tienda-2\"},{\"@type\":\"ListItem\",\"position\":3,\"name\":\"Parches Full Steel MP7\"}]},{\"@type\":\"WebSite\",\"@id\":\"https:\/\/fullsteelmp7.com\/#website\",\"url\":\"https:\/\/fullsteelmp7.com\/\",\"name\":\"Full Steel MP7\",\"description\":\"Repuestos para mp7 en acero\",\"publisher\":{\"@id\":\"https:\/\/fullsteelmp7.com\/#organization\"},\"potentialAction\":[{\"@type\":\"SearchAction\",\"target\":{\"@type\":\"EntryPoint\",\"urlTemplate\":\"https:\/\/fullsteelmp7.com\/?s={search_term_string}\"},\"query-input\":{\"@type\":\"PropertyValueSpecification\",\"valueRequired\":true,\"valueName\":\"search_term_string\"}}],\"inLanguage\":\"en-GB\"},{\"@type\":\"Organization\",\"@id\":\"https:\/\/fullsteelmp7.com\/#organization\",\"name\":\"Full Steel MP7\",\"url\":\"https:\/\/fullsteelmp7.com\/\",\"logo\":{\"@type\":\"ImageObject\",\"inLanguage\":\"en-GB\",\"@id\":\"https:\/\/fullsteelmp7.com\/#\/schema\/logo\/image\/\",\"url\":\"https:\/\/fullsteelmp7.com\/wp-content\/uploads\/2025\/05\/cropped-Logo_Full_Steel_MP7_sin_fondo_512.png\",\"contentUrl\":\"https:\/\/fullsteelmp7.com\/wp-content\/uploads\/2025\/05\/cropped-Logo_Full_Steel_MP7_sin_fondo_512.png\",\"width\":512,\"height\":512,\"caption\":\"Full Steel MP7\"},\"image\":{\"@id\":\"https:\/\/fullsteelmp7.com\/#\/schema\/logo\/image\/\"},\"sameAs\":[\"https:\/\/www.instagram.com\/fullsteelmp7\/?igsh=MTk2dzk5YzU1ZDhuNQ\"]}]}<\/script>\n<!-- \/ Yoast SEO plugin. -->","yoast_head_json":{"title":"Parches Full Steel MP7 - Full Steel MP7","robots":{"index":"index","follow":"follow","max-snippet":"max-snippet:-1","max-image-preview":"max-image-preview:large","max-video-preview":"max-video-preview:-1"},"canonical":"https:\/\/fullsteelmp7.com\/en\/product\/parches-full-steel-mp7\/","og_locale":"en_GB","og_type":"article","og_title":"Parches Full Steel MP7 - Full Steel MP7","og_description":"\ud83d\udee1\ufe0f Parche Full Steel MP7 con m\u00e1s actitud que tu operador favorito \ud83d\udee1\ufe0f \u00bfQuieres un parche que diga &#8220;amo el acero, la acci\u00f3n y no me tomo la vida demasiado en serio&#8221;? Pues aqu\u00ed est\u00e1 el parche Full Steel MP7, hecho en resistente PVC, con velcro que se pega mejor que tus excusas para no [&hellip;]","og_url":"https:\/\/fullsteelmp7.com\/en\/product\/parches-full-steel-mp7\/","og_site_name":"Full Steel MP7","article_modified_time":"2025-08-04T15:49:02+00:00","og_image":[{"width":1280,"height":1150,"url":"https:\/\/fullsteelmp7.com\/wp-content\/uploads\/2025\/06\/parche_fondo_ladrillo-e1750228395807.jpg","type":"image\/jpeg"}],"twitter_card":"summary_large_image","twitter_misc":{"Estimated reading time":"2 minutes"},"schema":{"@context":"https:\/\/schema.org","@graph":[{"@type":"WebPage","@id":"https:\/\/fullsteelmp7.com\/producto\/parches-full-steel-mp7","url":"https:\/\/fullsteelmp7.com\/producto\/parches-full-steel-mp7","name":"Parches Full Steel MP7 - Full Steel MP7","isPartOf":{"@id":"https:\/\/fullsteelmp7.com\/#website"},"primaryImageOfPage":{"@id":"https:\/\/fullsteelmp7.com\/producto\/parches-full-steel-mp7#primaryimage"},"image":{"@id":"https:\/\/fullsteelmp7.com\/producto\/parches-full-steel-mp7#primaryimage"},"thumbnailUrl":"https:\/\/fullsteelmp7.com\/wp-content\/uploads\/2025\/06\/parche_fondo_ladrillo-e1750228395807.jpg","datePublished":"2025-06-16T17:42:21+00:00","dateModified":"2025-08-04T15:49:02+00:00","breadcrumb":{"@id":"https:\/\/fullsteelmp7.com\/producto\/parches-full-steel-mp7#breadcrumb"},"inLanguage":"en-GB","potentialAction":[{"@type":"ReadAction","target":["https:\/\/fullsteelmp7.com\/producto\/parches-full-steel-mp7"]}]},{"@type":"ImageObject","inLanguage":"en-GB","@id":"https:\/\/fullsteelmp7.com\/producto\/parches-full-steel-mp7#primaryimage","url":"https:\/\/fullsteelmp7.com\/wp-content\/uploads\/2025\/06\/parche_fondo_ladrillo-e1750228395807.jpg","contentUrl":"https:\/\/fullsteelmp7.com\/wp-content\/uploads\/2025\/06\/parche_fondo_ladrillo-e1750228395807.jpg","width":1280,"height":1150,"caption":"Imagen de parche de Full Steel MP7 sobre fondo de ladrillos"},{"@type":"BreadcrumbList","@id":"https:\/\/fullsteelmp7.com\/producto\/parches-full-steel-mp7#breadcrumb","itemListElement":[{"@type":"ListItem","position":1,"name":"Portada","item":"https:\/\/fullsteelmp7.com\/"},{"@type":"ListItem","position":2,"name":"Tienda","item":"https:\/\/fullsteelmp7.com\/tienda-2"},{"@type":"ListItem","position":3,"name":"Parches Full Steel MP7"}]},{"@type":"WebSite","@id":"https:\/\/fullsteelmp7.com\/#website","url":"https:\/\/fullsteelmp7.com\/","name":"Full Steel MP7","description":"Repuestos para mp7 en acero","publisher":{"@id":"https:\/\/fullsteelmp7.com\/#organization"},"potentialAction":[{"@type":"SearchAction","target":{"@type":"EntryPoint","urlTemplate":"https:\/\/fullsteelmp7.com\/?s={search_term_string}"},"query-input":{"@type":"PropertyValueSpecification","valueRequired":true,"valueName":"search_term_string"}}],"inLanguage":"en-GB"},{"@type":"Organization","@id":"https:\/\/fullsteelmp7.com\/#organization","name":"Full Steel MP7","url":"https:\/\/fullsteelmp7.com\/","logo":{"@type":"ImageObject","inLanguage":"en-GB","@id":"https:\/\/fullsteelmp7.com\/#\/schema\/logo\/image\/","url":"https:\/\/fullsteelmp7.com\/wp-content\/uploads\/2025\/05\/cropped-Logo_Full_Steel_MP7_sin_fondo_512.png","contentUrl":"https:\/\/fullsteelmp7.com\/wp-content\/uploads\/2025\/05\/cropped-Logo_Full_Steel_MP7_sin_fondo_512.png","width":512,"height":512,"caption":"Full Steel MP7"},"image":{"@id":"https:\/\/fullsteelmp7.com\/#\/schema\/logo\/image\/"},"sameAs":["https:\/\/www.instagram.com\/fullsteelmp7\/?igsh=MTk2dzk5YzU1ZDhuNQ"]}]}},"_links":{"self":[{"href":"https:\/\/fullsteelmp7.com\/en\/wp-json\/wp\/v2\/product\/4255","targetHints":{"allow":["GET"]}}],"collection":[{"href":"https:\/\/fullsteelmp7.com\/en\/wp-json\/wp\/v2\/product"}],"about":[{"href":"https:\/\/fullsteelmp7.com\/en\/wp-json\/wp\/v2\/types\/product"}],"replies":[{"embeddable":true,"href":"https:\/\/fullsteelmp7.com\/en\/wp-json\/wp\/v2\/comments?post=4255"}],"wp:featuredmedia":[{"embeddable":true,"href":"https:\/\/fullsteelmp7.com\/en\/wp-json\/wp\/v2\/media\/4258"}],"wp:attachment":[{"href":"https:\/\/fullsteelmp7.com\/en\/wp-json\/wp\/v2\/media?parent=4255"}],"wp:term":[{"taxonomy":"product_brand","embeddable":true,"href":"https:\/\/fullsteelmp7.com\/en\/wp-json\/wp\/v2\/product_brand?post=4255"},{"taxonomy":"product_cat","embeddable":true,"href":"https:\/\/fullsteelmp7.com\/en\/wp-json\/wp\/v2\/product_cat?post=4255"},{"taxonomy":"product_tag","embeddable":true,"href":"https:\/\/fullsteelmp7.com\/en\/wp-json\/wp\/v2\/product_tag?post=4255"},{"taxonomy":"mwb_booking_cost","embeddable":true,"href":"https:\/\/fullsteelmp7.com\/en\/wp-json\/wp\/v2\/mwb_booking_cost?post=4255"},{"taxonomy":"mwb_booking_service","embeddable":true,"href":"https:\/\/fullsteelmp7.com\/en\/wp-json\/wp\/v2\/mwb_booking_service?post=4255"}],"curies":[{"name":"wp","href":"https:\/\/api.w.org\/{rel}","templated":true}]}}