{"id":4086,"date":"2025-04-03T11:20:03","date_gmt":"2025-04-03T11:20:03","guid":{"rendered":"https:\/\/fullsteelmp7.com\/?post_type=product&#038;p=4086"},"modified":"2025-11-06T13:27:14","modified_gmt":"2025-11-06T13:27:14","slug":"4086","status":"publish","type":"product","link":"https:\/\/fullsteelmp7.com\/en\/product\/4086","title":{"rendered":"Magazine repair service"},"content":{"rendered":"<p>As part of our support for the MP7 community, we've decided to add a new service to address any issues with Tokyo Marui MP7 magazines.<\/p>\n<p>Problems with leaks, wear, pitting, or missing parts will be resolved.<\/p>\n<p>Prices will depend on the number of chargers to be repaired, so we can maximize the work time of our acolytes.<\/p>\n<p>1ud=25\u20ac<br \/>\n3ud=15\u20ac\/ud<br \/>\n5ud=10\u20ac\/ud<\/p>\n<p>Los precios arriba listados s\u00f3lo cubren los trabajos de desmontaje y montaje, limpieza y reparaci\u00f3n de piezas principales y las sustituciones de juntas y pasadores. Si es preciso cambiar otras piezas como muelles, seguidor (follower), labios (lips) y\/o gas route, y v\u00e1lvulas, se cobrar\u00e1n aparte previo presupuesto.<\/p>","protected":false},"excerpt":{"rendered":"<p>Como parte de nuestro apoyo a la comunidad del MP7, hemos decidido a\u00f1adir un nuevo servicio para solucionar cualquier tipo de problemas sobre los cargadores del MP7 de Tokyo Marui. Se solucionar\u00e1n problemas de fugas, desgastes, picaduras o sustituci\u00f3n de piezas faltantes. Los precios ser\u00e1n en funci\u00f3n del numero de cargadores a reparar, para as\u00ed [&hellip;]<\/p>\n","protected":false},"featured_media":4036,"comment_status":"open","ping_status":"closed","template":"","meta":{"_eb_attr":"","om_disable_all_campaigns":false,"_monsterinsights_skip_tracking":false,"_monsterinsights_sitenote_active":false,"_monsterinsights_sitenote_note":"","_monsterinsights_sitenote_category":0,"_uf_show_specific_survey":0,"_uf_disable_surveys":false},"product_brand":[],"product_cat":[37,16],"product_tag":[],"mwb_booking_cost":[],"mwb_booking_service":[],"class_list":{"0":"post-4086","1":"product","2":"type-product","3":"status-publish","4":"has-post-thumbnail","6":"product_cat-cargador","7":"product_cat-mp7","9":"first","10":"instock","11":"sale","12":"taxable","13":"shipping-taxable","14":"purchasable","15":"product-type-simple"},"yoast_head":"<!-- This site is optimized with the Yoast SEO plugin v27.1.1 - https:\/\/yoast.com\/product\/yoast-seo-wordpress\/ -->\n<title>Servicio de reparaci\u00f3n de cargadores - Full Steel MP7<\/title>\n<meta name=\"robots\" content=\"index, follow, max-snippet:-1, max-image-preview:large, max-video-preview:-1\" \/>\n<link rel=\"canonical\" href=\"https:\/\/fullsteelmp7.com\/en\/product\/4086\/\" \/>\n<meta property=\"og:locale\" content=\"en_GB\" \/>\n<meta property=\"og:type\" content=\"article\" \/>\n<meta property=\"og:title\" content=\"Servicio de reparaci\u00f3n de cargadores - Full Steel MP7\" \/>\n<meta property=\"og:description\" content=\"Como parte de nuestro apoyo a la comunidad del MP7, hemos decidido a\u00f1adir un nuevo servicio para solucionar cualquier tipo de problemas sobre los cargadores del MP7 de Tokyo Marui. Se solucionar\u00e1n problemas de fugas, desgastes, picaduras o sustituci\u00f3n de piezas faltantes. Los precios ser\u00e1n en funci\u00f3n del numero de cargadores a reparar, para as\u00ed [&hellip;]\" \/>\n<meta property=\"og:url\" content=\"https:\/\/fullsteelmp7.com\/en\/product\/4086\/\" \/>\n<meta property=\"og:site_name\" content=\"Full Steel MP7\" \/>\n<meta property=\"article:modified_time\" content=\"2025-11-06T13:27:14+00:00\" \/>\n<meta property=\"og:image\" content=\"https:\/\/fullsteelmp7.com\/wp-content\/uploads\/2025\/02\/DSC_0017-scaled-e1743680068379.jpg\" \/>\n\t<meta property=\"og:image:width\" content=\"1254\" \/>\n\t<meta property=\"og:image:height\" content=\"2060\" \/>\n\t<meta property=\"og:image:type\" content=\"image\/jpeg\" \/>\n<meta name=\"twitter:card\" content=\"summary_large_image\" \/>\n<meta name=\"twitter:label1\" content=\"Estimated reading time\" \/>\n\t<meta name=\"twitter:data1\" content=\"1 minute\" \/>\n<script type=\"application\/ld+json\" class=\"yoast-schema-graph\">{\"@context\":\"https:\/\/schema.org\",\"@graph\":[{\"@type\":\"WebPage\",\"@id\":\"https:\/\/fullsteelmp7.com\/producto\/4086\",\"url\":\"https:\/\/fullsteelmp7.com\/producto\/4086\",\"name\":\"Servicio de reparaci\u00f3n de cargadores - Full Steel MP7\",\"isPartOf\":{\"@id\":\"https:\/\/fullsteelmp7.com\/#website\"},\"primaryImageOfPage\":{\"@id\":\"https:\/\/fullsteelmp7.com\/producto\/4086#primaryimage\"},\"image\":{\"@id\":\"https:\/\/fullsteelmp7.com\/producto\/4086#primaryimage\"},\"thumbnailUrl\":\"https:\/\/fullsteelmp7.com\/wp-content\/uploads\/2025\/02\/DSC_0017-scaled-e1743680068379.jpg\",\"datePublished\":\"2025-04-03T11:20:03+00:00\",\"dateModified\":\"2025-11-06T13:27:14+00:00\",\"breadcrumb\":{\"@id\":\"https:\/\/fullsteelmp7.com\/producto\/4086#breadcrumb\"},\"inLanguage\":\"en-GB\",\"potentialAction\":[{\"@type\":\"ReadAction\",\"target\":[\"https:\/\/fullsteelmp7.com\/producto\/4086\"]}]},{\"@type\":\"ImageObject\",\"inLanguage\":\"en-GB\",\"@id\":\"https:\/\/fullsteelmp7.com\/producto\/4086#primaryimage\",\"url\":\"https:\/\/fullsteelmp7.com\/wp-content\/uploads\/2025\/02\/DSC_0017-scaled-e1743680068379.jpg\",\"contentUrl\":\"https:\/\/fullsteelmp7.com\/wp-content\/uploads\/2025\/02\/DSC_0017-scaled-e1743680068379.jpg\",\"width\":1254,\"height\":2060},{\"@type\":\"BreadcrumbList\",\"@id\":\"https:\/\/fullsteelmp7.com\/producto\/4086#breadcrumb\",\"itemListElement\":[{\"@type\":\"ListItem\",\"position\":1,\"name\":\"Portada\",\"item\":\"https:\/\/fullsteelmp7.com\/\"},{\"@type\":\"ListItem\",\"position\":2,\"name\":\"Tienda\",\"item\":\"https:\/\/fullsteelmp7.com\/tienda-2\"},{\"@type\":\"ListItem\",\"position\":3,\"name\":\"Servicio de reparaci\u00f3n de cargadores\"}]},{\"@type\":\"WebSite\",\"@id\":\"https:\/\/fullsteelmp7.com\/#website\",\"url\":\"https:\/\/fullsteelmp7.com\/\",\"name\":\"Full Steel MP7\",\"description\":\"Repuestos para mp7 en acero\",\"publisher\":{\"@id\":\"https:\/\/fullsteelmp7.com\/#organization\"},\"potentialAction\":[{\"@type\":\"SearchAction\",\"target\":{\"@type\":\"EntryPoint\",\"urlTemplate\":\"https:\/\/fullsteelmp7.com\/?s={search_term_string}\"},\"query-input\":{\"@type\":\"PropertyValueSpecification\",\"valueRequired\":true,\"valueName\":\"search_term_string\"}}],\"inLanguage\":\"en-GB\"},{\"@type\":\"Organization\",\"@id\":\"https:\/\/fullsteelmp7.com\/#organization\",\"name\":\"Full Steel MP7\",\"url\":\"https:\/\/fullsteelmp7.com\/\",\"logo\":{\"@type\":\"ImageObject\",\"inLanguage\":\"en-GB\",\"@id\":\"https:\/\/fullsteelmp7.com\/#\/schema\/logo\/image\/\",\"url\":\"https:\/\/fullsteelmp7.com\/wp-content\/uploads\/2025\/05\/cropped-Logo_Full_Steel_MP7_sin_fondo_512.png\",\"contentUrl\":\"https:\/\/fullsteelmp7.com\/wp-content\/uploads\/2025\/05\/cropped-Logo_Full_Steel_MP7_sin_fondo_512.png\",\"width\":512,\"height\":512,\"caption\":\"Full Steel MP7\"},\"image\":{\"@id\":\"https:\/\/fullsteelmp7.com\/#\/schema\/logo\/image\/\"},\"sameAs\":[\"https:\/\/www.instagram.com\/fullsteelmp7\/?igsh=MTk2dzk5YzU1ZDhuNQ\"]}]}<\/script>\n<!-- \/ Yoast SEO plugin. -->","yoast_head_json":{"title":"Servicio de reparaci\u00f3n de cargadores - Full Steel MP7","robots":{"index":"index","follow":"follow","max-snippet":"max-snippet:-1","max-image-preview":"max-image-preview:large","max-video-preview":"max-video-preview:-1"},"canonical":"https:\/\/fullsteelmp7.com\/en\/product\/4086\/","og_locale":"en_GB","og_type":"article","og_title":"Servicio de reparaci\u00f3n de cargadores - Full Steel MP7","og_description":"Como parte de nuestro apoyo a la comunidad del MP7, hemos decidido a\u00f1adir un nuevo servicio para solucionar cualquier tipo de problemas sobre los cargadores del MP7 de Tokyo Marui. Se solucionar\u00e1n problemas de fugas, desgastes, picaduras o sustituci\u00f3n de piezas faltantes. Los precios ser\u00e1n en funci\u00f3n del numero de cargadores a reparar, para as\u00ed [&hellip;]","og_url":"https:\/\/fullsteelmp7.com\/en\/product\/4086\/","og_site_name":"Full Steel MP7","article_modified_time":"2025-11-06T13:27:14+00:00","og_image":[{"width":1254,"height":2060,"url":"https:\/\/fullsteelmp7.com\/wp-content\/uploads\/2025\/02\/DSC_0017-scaled-e1743680068379.jpg","type":"image\/jpeg"}],"twitter_card":"summary_large_image","twitter_misc":{"Estimated reading time":"1 minute"},"schema":{"@context":"https:\/\/schema.org","@graph":[{"@type":"WebPage","@id":"https:\/\/fullsteelmp7.com\/producto\/4086","url":"https:\/\/fullsteelmp7.com\/producto\/4086","name":"Servicio de reparaci\u00f3n de cargadores - Full Steel MP7","isPartOf":{"@id":"https:\/\/fullsteelmp7.com\/#website"},"primaryImageOfPage":{"@id":"https:\/\/fullsteelmp7.com\/producto\/4086#primaryimage"},"image":{"@id":"https:\/\/fullsteelmp7.com\/producto\/4086#primaryimage"},"thumbnailUrl":"https:\/\/fullsteelmp7.com\/wp-content\/uploads\/2025\/02\/DSC_0017-scaled-e1743680068379.jpg","datePublished":"2025-04-03T11:20:03+00:00","dateModified":"2025-11-06T13:27:14+00:00","breadcrumb":{"@id":"https:\/\/fullsteelmp7.com\/producto\/4086#breadcrumb"},"inLanguage":"en-GB","potentialAction":[{"@type":"ReadAction","target":["https:\/\/fullsteelmp7.com\/producto\/4086"]}]},{"@type":"ImageObject","inLanguage":"en-GB","@id":"https:\/\/fullsteelmp7.com\/producto\/4086#primaryimage","url":"https:\/\/fullsteelmp7.com\/wp-content\/uploads\/2025\/02\/DSC_0017-scaled-e1743680068379.jpg","contentUrl":"https:\/\/fullsteelmp7.com\/wp-content\/uploads\/2025\/02\/DSC_0017-scaled-e1743680068379.jpg","width":1254,"height":2060},{"@type":"BreadcrumbList","@id":"https:\/\/fullsteelmp7.com\/producto\/4086#breadcrumb","itemListElement":[{"@type":"ListItem","position":1,"name":"Portada","item":"https:\/\/fullsteelmp7.com\/"},{"@type":"ListItem","position":2,"name":"Tienda","item":"https:\/\/fullsteelmp7.com\/tienda-2"},{"@type":"ListItem","position":3,"name":"Servicio de reparaci\u00f3n de cargadores"}]},{"@type":"WebSite","@id":"https:\/\/fullsteelmp7.com\/#website","url":"https:\/\/fullsteelmp7.com\/","name":"Full Steel MP7","description":"Repuestos para mp7 en acero","publisher":{"@id":"https:\/\/fullsteelmp7.com\/#organization"},"potentialAction":[{"@type":"SearchAction","target":{"@type":"EntryPoint","urlTemplate":"https:\/\/fullsteelmp7.com\/?s={search_term_string}"},"query-input":{"@type":"PropertyValueSpecification","valueRequired":true,"valueName":"search_term_string"}}],"inLanguage":"en-GB"},{"@type":"Organization","@id":"https:\/\/fullsteelmp7.com\/#organization","name":"Full Steel MP7","url":"https:\/\/fullsteelmp7.com\/","logo":{"@type":"ImageObject","inLanguage":"en-GB","@id":"https:\/\/fullsteelmp7.com\/#\/schema\/logo\/image\/","url":"https:\/\/fullsteelmp7.com\/wp-content\/uploads\/2025\/05\/cropped-Logo_Full_Steel_MP7_sin_fondo_512.png","contentUrl":"https:\/\/fullsteelmp7.com\/wp-content\/uploads\/2025\/05\/cropped-Logo_Full_Steel_MP7_sin_fondo_512.png","width":512,"height":512,"caption":"Full Steel MP7"},"image":{"@id":"https:\/\/fullsteelmp7.com\/#\/schema\/logo\/image\/"},"sameAs":["https:\/\/www.instagram.com\/fullsteelmp7\/?igsh=MTk2dzk5YzU1ZDhuNQ"]}]}},"_links":{"self":[{"href":"https:\/\/fullsteelmp7.com\/en\/wp-json\/wp\/v2\/product\/4086","targetHints":{"allow":["GET"]}}],"collection":[{"href":"https:\/\/fullsteelmp7.com\/en\/wp-json\/wp\/v2\/product"}],"about":[{"href":"https:\/\/fullsteelmp7.com\/en\/wp-json\/wp\/v2\/types\/product"}],"replies":[{"embeddable":true,"href":"https:\/\/fullsteelmp7.com\/en\/wp-json\/wp\/v2\/comments?post=4086"}],"wp:featuredmedia":[{"embeddable":true,"href":"https:\/\/fullsteelmp7.com\/en\/wp-json\/wp\/v2\/media\/4036"}],"wp:attachment":[{"href":"https:\/\/fullsteelmp7.com\/en\/wp-json\/wp\/v2\/media?parent=4086"}],"wp:term":[{"taxonomy":"product_brand","embeddable":true,"href":"https:\/\/fullsteelmp7.com\/en\/wp-json\/wp\/v2\/product_brand?post=4086"},{"taxonomy":"product_cat","embeddable":true,"href":"https:\/\/fullsteelmp7.com\/en\/wp-json\/wp\/v2\/product_cat?post=4086"},{"taxonomy":"product_tag","embeddable":true,"href":"https:\/\/fullsteelmp7.com\/en\/wp-json\/wp\/v2\/product_tag?post=4086"},{"taxonomy":"mwb_booking_cost","embeddable":true,"href":"https:\/\/fullsteelmp7.com\/en\/wp-json\/wp\/v2\/mwb_booking_cost?post=4086"},{"taxonomy":"mwb_booking_service","embeddable":true,"href":"https:\/\/fullsteelmp7.com\/en\/wp-json\/wp\/v2\/mwb_booking_service?post=4086"}],"curies":[{"name":"wp","href":"https:\/\/api.w.org\/{rel}","templated":true}]}}