{"id":3712,"date":"2024-06-18T15:36:58","date_gmt":"2024-06-18T15:36:58","guid":{"rendered":"https:\/\/fullsteelmp7.com\/?page_id=3712"},"modified":"2024-09-27T06:56:53","modified_gmt":"2024-09-27T06:56:53","slug":"contacto","status":"publish","type":"page","link":"https:\/\/fullsteelmp7.com\/en\/contacto","title":{"rendered":"Contact"},"content":{"rendered":"<div data-elementor-type=\"wp-page\" data-elementor-id=\"3712\" class=\"elementor elementor-3712\">\n\t\t\t\t<div class=\"elementor-element elementor-element-797ddb7 e-flex e-con-boxed e-con e-parent\" data-id=\"797ddb7\" data-element_type=\"container\">\n\t\t\t\t\t<div class=\"e-con-inner\">\n\t\t<div class=\"elementor-element elementor-element-702002f e-con-full e-flex e-con e-child\" data-id=\"702002f\" data-element_type=\"container\">\n\t\t<div class=\"elementor-element elementor-element-556a664 e-con-full e-flex e-con e-child\" data-id=\"556a664\" data-element_type=\"container\">\n\t\t\t\t<div class=\"elementor-element elementor-element-e3874e7 elementor-widget elementor-widget-text-editor\" data-id=\"e3874e7\" data-element_type=\"widget\" data-widget_type=\"text-editor.default\">\n\t\t\t\t<div class=\"elementor-widget-container\">\n\t\t\t\t\t\t\t\t\t<p><strong>Escribe<\/strong> un correo a <a href=\"mailto:info@fullsteelmp7.com\">info@fullsteelmp7.com<\/a><\/p>\n<p>\u00a0<\/p>\n<p><!-- \/wp:paragraph --><!-- wp:paragraph --><\/p>\n<p><strong>Llama<\/strong> al (+34) 722 860 834<\/p>\t\t\t\t\t\t\t\t<\/div>\n\t\t\t\t<\/div>\n\t\t\t\t<\/div>\n\t\t\t\t<\/div>\n\t\t<div class=\"elementor-element elementor-element-34cd11f e-con-full e-flex e-con e-child\" data-id=\"34cd11f\" data-element_type=\"container\">\n\t\t\t\t<div class=\"elementor-element elementor-element-dfda2bd elementor-widget elementor-widget-text-editor\" data-id=\"dfda2bd\" data-element_type=\"widget\" data-widget_type=\"text-editor.default\">\n\t\t\t\t<div class=\"elementor-widget-container\">\n\t\t\t\t\t\t\t\t\t<p>O ven a vernos a:<\/p>\n<p><!-- \/wp:paragraph --><!-- wp:paragraph --><\/p>\n<p><strong>E-1000 Airsoft<\/strong><\/p>\n<p>Avda.\\ Camino de lo Cortao 21, nave 1<\/p>\n<p><!-- \/wp:paragraph --><!-- wp:paragraph --><!-- \/wp:paragraph --><!-- wp:paragraph --><\/p>\n<p>28703 San Sebasti\u00e1n de los Reyes (MADRID)<\/p>\t\t\t\t\t\t\t\t<\/div>\n\t\t\t\t<\/div>\n\t\t\t\t<\/div>\n\t\t\t\t\t<\/div>\n\t\t\t\t<\/div>\n\t\t<div class=\"elementor-element elementor-element-70e2d6b0 e-flex e-con-boxed e-con e-parent\" data-id=\"70e2d6b0\" data-element_type=\"container\">\n\t\t\t\t\t<div class=\"e-con-inner\">\n\t\t<div class=\"elementor-element elementor-element-a6cae06 e-grid e-con-full e-con e-child\" data-id=\"a6cae06\" data-element_type=\"container\">\n\t\t<div class=\"elementor-element elementor-element-e99fb6f e-con-full e-flex e-con e-child\" data-id=\"e99fb6f\" data-element_type=\"container\">\n\t\t\t\t<div class=\"elementor-element elementor-element-f171043 elementor-widget elementor-widget-image\" data-id=\"f171043\" data-element_type=\"widget\" data-widget_type=\"image.default\">\n\t\t\t\t<div class=\"elementor-widget-container\">\n\t\t\t\t\t\t\t\t\t\t\t\t\t\t\t<img fetchpriority=\"high\" decoding=\"async\" width=\"300\" height=\"300\" src=\"https:\/\/fullsteelmp7.com\/wp-content\/uploads\/2024\/06\/Acero-Barelio-Desing-by-E-10008-300x300.png\" class=\"attachment-medium size-medium wp-image-3415\" alt=\"\" srcset=\"https:\/\/fullsteelmp7.com\/wp-content\/uploads\/2024\/06\/Acero-Barelio-Desing-by-E-10008-e1718794287756.png 300w, https:\/\/fullsteelmp7.com\/wp-content\/uploads\/2024\/06\/Acero-Barelio-Desing-by-E-10008-150x150.png 150w, https:\/\/fullsteelmp7.com\/wp-content\/uploads\/2024\/06\/Acero-Barelio-Desing-by-E-10008-100x100.png 100w\" sizes=\"(max-width: 300px) 100vw, 300px\" \/>\t\t\t\t\t\t\t\t\t\t\t\t\t\t\t<\/div>\n\t\t\t\t<\/div>\n\t\t\t\t<\/div>\n\t\t<div class=\"elementor-element elementor-element-700e3dd e-con-full e-flex e-con e-child\" data-id=\"700e3dd\" data-element_type=\"container\">\n\t\t<div class=\"elementor-element elementor-element-435ff6b e-con-full e-flex e-con e-child\" data-id=\"435ff6b\" data-element_type=\"container\">\n\t\t\t\t<div class=\"elementor-element elementor-element-beacead elementor-widget elementor-widget-heading\" data-id=\"beacead\" data-element_type=\"widget\" data-widget_type=\"heading.default\">\n\t\t\t\t<div class=\"elementor-widget-container\">\n\t\t\t\t\t<h3 class=\"elementor-heading-title elementor-size-default\">Information<\/h3>\t\t\t\t<\/div>\n\t\t\t\t<\/div>\n\t\t\t\t<div class=\"elementor-element elementor-element-a403273 elementor-widget elementor-widget-text-editor\" data-id=\"a403273\" data-element_type=\"widget\" data-widget_type=\"text-editor.default\">\n\t\t\t\t<div class=\"elementor-widget-container\">\n\t\t\t\t\t\t\t\t\t<ul>\n<li><a href=\"https:\/\/fullsteelmp7.com\/en\/info-legal\/\">Legal Notice<\/a><\/li>\n<li><a href=\"https:\/\/fullsteelmp7.com\/en\/term_cond\/\">Terms and conditions of use<\/a><\/li>\n<li><a href=\"https:\/\/fullsteelmp7.com\/en\/quienes_somos\/\">About us<\/a><\/li>\n<li><a href=\"https:\/\/fullsteelmp7.com\/en\/politica_priv\/\">Privacy policy<\/a><\/li>\n<li><a href=\"https:\/\/fullsteelmp7.com\/en\/despiece-vistas-en-perspectiva-codigos-de-pieza\/\">MP7 exploded view information<\/a><\/li>\n<li><a href=\"https:\/\/fullsteelmp7.com\/en\/poli_sent\/\">Env\u00edos y devoluciones<\/a><\/li>\n<\/ul>\t\t\t\t\t\t\t\t<\/div>\n\t\t\t\t<\/div>\n\t\t\t\t<\/div>\n\t\t\t\t<\/div>\n\t\t<div class=\"elementor-element elementor-element-2f80839 e-con-full e-flex e-con e-child\" data-id=\"2f80839\" data-element_type=\"container\">\n\t\t<div class=\"elementor-element elementor-element-f005e1b e-con-full e-flex e-con e-child\" data-id=\"f005e1b\" data-element_type=\"container\">\n\t\t\t\t<div class=\"elementor-element elementor-element-fab6d8e elementor-widget elementor-widget-heading\" data-id=\"fab6d8e\" data-element_type=\"widget\" data-widget_type=\"heading.default\">\n\t\t\t\t<div class=\"elementor-widget-container\">\n\t\t\t\t\t<h3 class=\"elementor-heading-title elementor-size-default\">My account<\/h3>\t\t\t\t<\/div>\n\t\t\t\t<\/div>\n\t\t\t\t<div class=\"elementor-element elementor-element-291dfcc elementor-widget elementor-widget-text-editor\" data-id=\"291dfcc\" data-element_type=\"widget\" data-widget_type=\"text-editor.default\">\n\t\t\t\t<div class=\"elementor-widget-container\">\n\t\t\t\t\t\t\t\t\t<ul><li><a href=\"https:\/\/fullsteelmp7.com\/en\/mi-cuenta\/\">My account<\/a><\/li><li><a href=\"https:\/\/fullsteelmp7.com\/en\/home\/\">Home<\/a><\/li><li><a href=\"https:\/\/fullsteelmp7.com\/en\/contacto\/\">Contact<\/a><\/li><\/ul>\t\t\t\t\t\t\t\t<\/div>\n\t\t\t\t<\/div>\n\t\t\t\t<\/div>\n\t\t\t\t<\/div>\n\t\t\t\t<\/div>\n\t\t\t\t\t<\/div>\n\t\t\t\t<\/div>\n\t\t\t\t<\/div>","protected":false},"excerpt":{"rendered":"<p>Escribe un correo a info@fullsteelmp7.com \u00a0 Llama al (+34) 722 860 834 O ven a vernos a: E-1000 Airsoft Avda. Camino de lo Cortao 21, nave 1 28703 San Sebasti\u00e1n de los Reyes (MADRID) Informaci\u00f3n Aviso legal T\u00e9rminos y condiciones Sobre nosotros Pol\u00edtica de Privacidad Informaci\u00f3n despiece MP7 Env\u00edos y devoluciones Mi cuenta Mi cuenta [&hellip;]<\/p>\n","protected":false},"author":1,"featured_media":0,"parent":0,"menu_order":0,"comment_status":"closed","ping_status":"closed","template":"","meta":{"_eb_attr":"","om_disable_all_campaigns":false,"_monsterinsights_skip_tracking":false,"_monsterinsights_sitenote_active":false,"_monsterinsights_sitenote_note":"","_monsterinsights_sitenote_category":0,"_uf_show_specific_survey":0,"_uf_disable_surveys":false,"footnotes":""},"class_list":["post-3712","page","type-page","status-publish","hentry"],"blocksy_meta":[],"yoast_head":"<!-- This site is optimized with the Yoast SEO plugin v27.1.1 - https:\/\/yoast.com\/product\/yoast-seo-wordpress\/ -->\n<title>Contacto - Full Steel MP7<\/title>\n<meta name=\"robots\" content=\"index, follow, max-snippet:-1, max-image-preview:large, max-video-preview:-1\" \/>\n<link rel=\"canonical\" href=\"https:\/\/fullsteelmp7.com\/en\/contacto\/\" \/>\n<meta property=\"og:locale\" content=\"en_GB\" \/>\n<meta property=\"og:type\" content=\"article\" \/>\n<meta property=\"og:title\" content=\"Contacto - Full Steel MP7\" \/>\n<meta property=\"og:description\" content=\"Escribe un correo a info@fullsteelmp7.com \u00a0 Llama al (+34) 722 860 834 O ven a vernos a: E-1000 Airsoft Avda. Camino de lo Cortao 21, nave 1 28703 San Sebasti\u00e1n de los Reyes (MADRID) Informaci\u00f3n Aviso legal T\u00e9rminos y condiciones Sobre nosotros Pol\u00edtica de Privacidad Informaci\u00f3n despiece MP7 Env\u00edos y devoluciones Mi cuenta Mi cuenta [&hellip;]\" \/>\n<meta property=\"og:url\" content=\"https:\/\/fullsteelmp7.com\/en\/contacto\/\" \/>\n<meta property=\"og:site_name\" content=\"Full Steel MP7\" \/>\n<meta property=\"article:modified_time\" content=\"2024-09-27T06:56:53+00:00\" \/>\n<meta property=\"og:image\" content=\"https:\/\/fullsteelmp7.com\/wp-content\/uploads\/2024\/06\/Acero-Barelio-Desing-by-E-10008-300x300.png\" \/>\n<meta name=\"twitter:card\" content=\"summary_large_image\" \/>\n<script type=\"application\/ld+json\" class=\"yoast-schema-graph\">{\"@context\":\"https:\/\/schema.org\",\"@graph\":[{\"@type\":\"WebPage\",\"@id\":\"https:\/\/fullsteelmp7.com\/contacto\",\"url\":\"https:\/\/fullsteelmp7.com\/contacto\",\"name\":\"Contacto - Full Steel MP7\",\"isPartOf\":{\"@id\":\"https:\/\/fullsteelmp7.com\/#website\"},\"primaryImageOfPage\":{\"@id\":\"https:\/\/fullsteelmp7.com\/contacto#primaryimage\"},\"image\":{\"@id\":\"https:\/\/fullsteelmp7.com\/contacto#primaryimage\"},\"thumbnailUrl\":\"https:\/\/fullsteelmp7.com\/wp-content\/uploads\/2024\/06\/Acero-Barelio-Desing-by-E-10008-300x300.png\",\"datePublished\":\"2024-06-18T15:36:58+00:00\",\"dateModified\":\"2024-09-27T06:56:53+00:00\",\"breadcrumb\":{\"@id\":\"https:\/\/fullsteelmp7.com\/contacto#breadcrumb\"},\"inLanguage\":\"en-GB\",\"potentialAction\":[{\"@type\":\"ReadAction\",\"target\":[\"https:\/\/fullsteelmp7.com\/contacto\"]}]},{\"@type\":\"ImageObject\",\"inLanguage\":\"en-GB\",\"@id\":\"https:\/\/fullsteelmp7.com\/contacto#primaryimage\",\"url\":\"https:\/\/fullsteelmp7.com\/wp-content\/uploads\/2024\/06\/Acero-Barelio-Desing-by-E-10008-300x300.png\",\"contentUrl\":\"https:\/\/fullsteelmp7.com\/wp-content\/uploads\/2024\/06\/Acero-Barelio-Desing-by-E-10008-300x300.png\"},{\"@type\":\"BreadcrumbList\",\"@id\":\"https:\/\/fullsteelmp7.com\/contacto#breadcrumb\",\"itemListElement\":[{\"@type\":\"ListItem\",\"position\":1,\"name\":\"Portada\",\"item\":\"https:\/\/fullsteelmp7.com\/\"},{\"@type\":\"ListItem\",\"position\":2,\"name\":\"Contacto\"}]},{\"@type\":\"WebSite\",\"@id\":\"https:\/\/fullsteelmp7.com\/#website\",\"url\":\"https:\/\/fullsteelmp7.com\/\",\"name\":\"Full Steel MP7\",\"description\":\"Repuestos para mp7 en acero\",\"publisher\":{\"@id\":\"https:\/\/fullsteelmp7.com\/#organization\"},\"potentialAction\":[{\"@type\":\"SearchAction\",\"target\":{\"@type\":\"EntryPoint\",\"urlTemplate\":\"https:\/\/fullsteelmp7.com\/?s={search_term_string}\"},\"query-input\":{\"@type\":\"PropertyValueSpecification\",\"valueRequired\":true,\"valueName\":\"search_term_string\"}}],\"inLanguage\":\"en-GB\"},{\"@type\":\"Organization\",\"@id\":\"https:\/\/fullsteelmp7.com\/#organization\",\"name\":\"Full Steel MP7\",\"url\":\"https:\/\/fullsteelmp7.com\/\",\"logo\":{\"@type\":\"ImageObject\",\"inLanguage\":\"en-GB\",\"@id\":\"https:\/\/fullsteelmp7.com\/#\/schema\/logo\/image\/\",\"url\":\"https:\/\/fullsteelmp7.com\/wp-content\/uploads\/2025\/05\/cropped-Logo_Full_Steel_MP7_sin_fondo_512.png\",\"contentUrl\":\"https:\/\/fullsteelmp7.com\/wp-content\/uploads\/2025\/05\/cropped-Logo_Full_Steel_MP7_sin_fondo_512.png\",\"width\":512,\"height\":512,\"caption\":\"Full Steel MP7\"},\"image\":{\"@id\":\"https:\/\/fullsteelmp7.com\/#\/schema\/logo\/image\/\"},\"sameAs\":[\"https:\/\/www.instagram.com\/fullsteelmp7\/?igsh=MTk2dzk5YzU1ZDhuNQ\"]}]}<\/script>\n<!-- \/ Yoast SEO plugin. -->","yoast_head_json":{"title":"Contacto - Full Steel MP7","robots":{"index":"index","follow":"follow","max-snippet":"max-snippet:-1","max-image-preview":"max-image-preview:large","max-video-preview":"max-video-preview:-1"},"canonical":"https:\/\/fullsteelmp7.com\/en\/contacto\/","og_locale":"en_GB","og_type":"article","og_title":"Contacto - Full Steel MP7","og_description":"Escribe un correo a info@fullsteelmp7.com \u00a0 Llama al (+34) 722 860 834 O ven a vernos a: E-1000 Airsoft Avda. Camino de lo Cortao 21, nave 1 28703 San Sebasti\u00e1n de los Reyes (MADRID) Informaci\u00f3n Aviso legal T\u00e9rminos y condiciones Sobre nosotros Pol\u00edtica de Privacidad Informaci\u00f3n despiece MP7 Env\u00edos y devoluciones Mi cuenta Mi cuenta [&hellip;]","og_url":"https:\/\/fullsteelmp7.com\/en\/contacto\/","og_site_name":"Full Steel MP7","article_modified_time":"2024-09-27T06:56:53+00:00","og_image":[{"url":"https:\/\/fullsteelmp7.com\/wp-content\/uploads\/2024\/06\/Acero-Barelio-Desing-by-E-10008-300x300.png","type":"","width":"","height":""}],"twitter_card":"summary_large_image","schema":{"@context":"https:\/\/schema.org","@graph":[{"@type":"WebPage","@id":"https:\/\/fullsteelmp7.com\/contacto","url":"https:\/\/fullsteelmp7.com\/contacto","name":"Contacto - Full Steel MP7","isPartOf":{"@id":"https:\/\/fullsteelmp7.com\/#website"},"primaryImageOfPage":{"@id":"https:\/\/fullsteelmp7.com\/contacto#primaryimage"},"image":{"@id":"https:\/\/fullsteelmp7.com\/contacto#primaryimage"},"thumbnailUrl":"https:\/\/fullsteelmp7.com\/wp-content\/uploads\/2024\/06\/Acero-Barelio-Desing-by-E-10008-300x300.png","datePublished":"2024-06-18T15:36:58+00:00","dateModified":"2024-09-27T06:56:53+00:00","breadcrumb":{"@id":"https:\/\/fullsteelmp7.com\/contacto#breadcrumb"},"inLanguage":"en-GB","potentialAction":[{"@type":"ReadAction","target":["https:\/\/fullsteelmp7.com\/contacto"]}]},{"@type":"ImageObject","inLanguage":"en-GB","@id":"https:\/\/fullsteelmp7.com\/contacto#primaryimage","url":"https:\/\/fullsteelmp7.com\/wp-content\/uploads\/2024\/06\/Acero-Barelio-Desing-by-E-10008-300x300.png","contentUrl":"https:\/\/fullsteelmp7.com\/wp-content\/uploads\/2024\/06\/Acero-Barelio-Desing-by-E-10008-300x300.png"},{"@type":"BreadcrumbList","@id":"https:\/\/fullsteelmp7.com\/contacto#breadcrumb","itemListElement":[{"@type":"ListItem","position":1,"name":"Portada","item":"https:\/\/fullsteelmp7.com\/"},{"@type":"ListItem","position":2,"name":"Contacto"}]},{"@type":"WebSite","@id":"https:\/\/fullsteelmp7.com\/#website","url":"https:\/\/fullsteelmp7.com\/","name":"Full Steel MP7","description":"Repuestos para mp7 en acero","publisher":{"@id":"https:\/\/fullsteelmp7.com\/#organization"},"potentialAction":[{"@type":"SearchAction","target":{"@type":"EntryPoint","urlTemplate":"https:\/\/fullsteelmp7.com\/?s={search_term_string}"},"query-input":{"@type":"PropertyValueSpecification","valueRequired":true,"valueName":"search_term_string"}}],"inLanguage":"en-GB"},{"@type":"Organization","@id":"https:\/\/fullsteelmp7.com\/#organization","name":"Full Steel MP7","url":"https:\/\/fullsteelmp7.com\/","logo":{"@type":"ImageObject","inLanguage":"en-GB","@id":"https:\/\/fullsteelmp7.com\/#\/schema\/logo\/image\/","url":"https:\/\/fullsteelmp7.com\/wp-content\/uploads\/2025\/05\/cropped-Logo_Full_Steel_MP7_sin_fondo_512.png","contentUrl":"https:\/\/fullsteelmp7.com\/wp-content\/uploads\/2025\/05\/cropped-Logo_Full_Steel_MP7_sin_fondo_512.png","width":512,"height":512,"caption":"Full Steel MP7"},"image":{"@id":"https:\/\/fullsteelmp7.com\/#\/schema\/logo\/image\/"},"sameAs":["https:\/\/www.instagram.com\/fullsteelmp7\/?igsh=MTk2dzk5YzU1ZDhuNQ"]}]}},"_links":{"self":[{"href":"https:\/\/fullsteelmp7.com\/en\/wp-json\/wp\/v2\/pages\/3712","targetHints":{"allow":["GET"]}}],"collection":[{"href":"https:\/\/fullsteelmp7.com\/en\/wp-json\/wp\/v2\/pages"}],"about":[{"href":"https:\/\/fullsteelmp7.com\/en\/wp-json\/wp\/v2\/types\/page"}],"author":[{"embeddable":true,"href":"https:\/\/fullsteelmp7.com\/en\/wp-json\/wp\/v2\/users\/1"}],"replies":[{"embeddable":true,"href":"https:\/\/fullsteelmp7.com\/en\/wp-json\/wp\/v2\/comments?post=3712"}],"version-history":[{"count":9,"href":"https:\/\/fullsteelmp7.com\/en\/wp-json\/wp\/v2\/pages\/3712\/revisions"}],"predecessor-version":[{"id":3911,"href":"https:\/\/fullsteelmp7.com\/en\/wp-json\/wp\/v2\/pages\/3712\/revisions\/3911"}],"wp:attachment":[{"href":"https:\/\/fullsteelmp7.com\/en\/wp-json\/wp\/v2\/media?parent=3712"}],"curies":[{"name":"wp","href":"https:\/\/api.w.org\/{rel}","templated":true}]}}