{"id":3698,"date":"2024-06-18T15:24:48","date_gmt":"2024-06-18T15:24:48","guid":{"rendered":"https:\/\/fullsteelmp7.com\/?page_id=3698"},"modified":"2024-09-27T07:18:58","modified_gmt":"2024-09-27T07:18:58","slug":"despiece-vistas-en-perspectiva-codigos-de-pieza","status":"publish","type":"page","link":"https:\/\/fullsteelmp7.com\/en\/despiece-vistas-en-perspectiva-codigos-de-pieza","title":{"rendered":"Exploded views \/ Perspective views \/ Part codes"},"content":{"rendered":"<div data-elementor-type=\"wp-page\" data-elementor-id=\"3698\" class=\"elementor elementor-3698\">\n\t\t\t\t<div class=\"elementor-element elementor-element-d8edcb0 e-flex e-con-boxed e-con e-parent\" data-id=\"d8edcb0\" data-element_type=\"container\">\n\t\t\t\t\t<div class=\"e-con-inner\">\n\t\t\t\t<div class=\"elementor-element elementor-element-60dec820 elementor-widget elementor-widget-text-editor\" data-id=\"60dec820\" data-element_type=\"widget\" data-widget_type=\"text-editor.default\">\n\t\t\t\t<div class=\"elementor-widget-container\">\n\t\t\t\t\t\t\t\t\t\t\t\t\t\t\t\t\t<\/div>\n\t\t\t\t<\/div>\n\t\t\t\t\t<\/div>\n\t\t\t\t<\/div>\n\t\t<div class=\"elementor-element elementor-element-428ce42 e-grid e-con-boxed e-con e-parent\" data-id=\"428ce42\" data-element_type=\"container\">\n\t\t\t\t\t<div class=\"e-con-inner\">\n\t\t\t\t<div class=\"elementor-element elementor-element-e0a782e elementor-widget elementor-widget-image\" data-id=\"e0a782e\" data-element_type=\"widget\" data-widget_type=\"image.default\">\n\t\t\t\t<div class=\"elementor-widget-container\">\n\t\t\t\t\t\t\t\t\t\t\t\t\t\t\t<img fetchpriority=\"high\" decoding=\"async\" width=\"631\" height=\"800\" src=\"https:\/\/fullsteelmp7.com\/wp-content\/uploads\/2024\/06\/38269196561_f16664c227_c.jpg\" class=\"attachment-large size-large wp-image-3700\" alt=\"\" srcset=\"https:\/\/fullsteelmp7.com\/wp-content\/uploads\/2024\/06\/38269196561_f16664c227_c.jpg 631w, https:\/\/fullsteelmp7.com\/wp-content\/uploads\/2024\/06\/38269196561_f16664c227_c-237x300.jpg 237w, https:\/\/fullsteelmp7.com\/wp-content\/uploads\/2024\/06\/38269196561_f16664c227_c-300x380.jpg 300w, https:\/\/fullsteelmp7.com\/wp-content\/uploads\/2024\/06\/38269196561_f16664c227_c-600x761.jpg 600w\" sizes=\"(max-width: 631px) 100vw, 631px\" \/>\t\t\t\t\t\t\t\t\t\t\t\t\t\t\t<\/div>\n\t\t\t\t<\/div>\n\t\t\t\t<div class=\"elementor-element elementor-element-9b88229 elementor-widget elementor-widget-image\" data-id=\"9b88229\" data-element_type=\"widget\" data-widget_type=\"image.default\">\n\t\t\t\t<div class=\"elementor-widget-container\">\n\t\t\t\t\t\t\t\t\t\t\t\t\t\t\t<img decoding=\"async\" width=\"627\" height=\"800\" src=\"https:\/\/fullsteelmp7.com\/wp-content\/uploads\/2024\/06\/26492746879_a8b5480b8a_c.jpg\" class=\"attachment-large size-large wp-image-3699\" alt=\"\" srcset=\"https:\/\/fullsteelmp7.com\/wp-content\/uploads\/2024\/06\/26492746879_a8b5480b8a_c.jpg 627w, https:\/\/fullsteelmp7.com\/wp-content\/uploads\/2024\/06\/26492746879_a8b5480b8a_c-235x300.jpg 235w, https:\/\/fullsteelmp7.com\/wp-content\/uploads\/2024\/06\/26492746879_a8b5480b8a_c-300x383.jpg 300w, https:\/\/fullsteelmp7.com\/wp-content\/uploads\/2024\/06\/26492746879_a8b5480b8a_c-600x766.jpg 600w\" sizes=\"(max-width: 627px) 100vw, 627px\" \/>\t\t\t\t\t\t\t\t\t\t\t\t\t\t\t<\/div>\n\t\t\t\t<\/div>\n\t\t\t\t\t<\/div>\n\t\t\t\t<\/div>\n\t\t<div class=\"elementor-element elementor-element-fa872bd e-grid e-con-boxed e-con e-parent\" data-id=\"fa872bd\" data-element_type=\"container\">\n\t\t\t\t\t<div class=\"e-con-inner\">\n\t\t<div class=\"elementor-element elementor-element-888581d e-con-full e-flex e-con e-child\" data-id=\"888581d\" data-element_type=\"container\">\n\t\t\t\t<div class=\"elementor-element elementor-element-7ea5f41 elementor-widget elementor-widget-image\" data-id=\"7ea5f41\" data-element_type=\"widget\" data-widget_type=\"image.default\">\n\t\t\t\t<div class=\"elementor-widget-container\">\n\t\t\t\t\t\t\t\t\t\t\t\t\t\t\t<img decoding=\"async\" width=\"300\" height=\"300\" src=\"https:\/\/fullsteelmp7.com\/wp-content\/uploads\/2024\/06\/Acero-Barelio-Desing-by-E-10008-300x300.png\" class=\"attachment-medium size-medium wp-image-3415\" alt=\"\" srcset=\"https:\/\/fullsteelmp7.com\/wp-content\/uploads\/2024\/06\/Acero-Barelio-Desing-by-E-10008-e1718794287756.png 300w, https:\/\/fullsteelmp7.com\/wp-content\/uploads\/2024\/06\/Acero-Barelio-Desing-by-E-10008-150x150.png 150w, https:\/\/fullsteelmp7.com\/wp-content\/uploads\/2024\/06\/Acero-Barelio-Desing-by-E-10008-100x100.png 100w\" sizes=\"(max-width: 300px) 100vw, 300px\" \/>\t\t\t\t\t\t\t\t\t\t\t\t\t\t\t<\/div>\n\t\t\t\t<\/div>\n\t\t\t\t<\/div>\n\t\t<div class=\"elementor-element elementor-element-0e0cca2 e-con-full e-flex e-con e-child\" data-id=\"0e0cca2\" data-element_type=\"container\">\n\t\t<div class=\"elementor-element elementor-element-86e8872 e-con-full e-flex e-con e-child\" data-id=\"86e8872\" data-element_type=\"container\">\n\t\t\t\t<div class=\"elementor-element elementor-element-84d02b5 elementor-widget elementor-widget-heading\" data-id=\"84d02b5\" data-element_type=\"widget\" data-widget_type=\"heading.default\">\n\t\t\t\t<div class=\"elementor-widget-container\">\n\t\t\t\t\t<h3 class=\"elementor-heading-title elementor-size-default\">Information<\/h3>\t\t\t\t<\/div>\n\t\t\t\t<\/div>\n\t\t\t\t<div class=\"elementor-element elementor-element-9777387 elementor-widget elementor-widget-text-editor\" data-id=\"9777387\" data-element_type=\"widget\" data-widget_type=\"text-editor.default\">\n\t\t\t\t<div class=\"elementor-widget-container\">\n\t\t\t\t\t\t\t\t\t<ul>\n<li><a href=\"https:\/\/fullsteelmp7.com\/en\/info-legal\/\">Legal Notice<\/a><\/li>\n<li><a href=\"https:\/\/fullsteelmp7.com\/en\/term_cond\/\">Terms and conditions of use<\/a><\/li>\n<li><a href=\"https:\/\/fullsteelmp7.com\/en\/quienes_somos\/\">About us<\/a><\/li>\n<li><a href=\"https:\/\/fullsteelmp7.com\/en\/politica_priv\/\">Privacy policy<\/a><\/li>\n<li><a href=\"https:\/\/fullsteelmp7.com\/en\/despiece-vistas-en-perspectiva-codigos-de-pieza\/\">MP7 exploded view information<\/a><\/li>\n<li><a title=\"Shipping Policy\" href=\"https:\/\/fullsteelmp7.com\/en\/poli_sent\/\">Shipping Policy<\/a><\/li>\n<\/ul>\t\t\t\t\t\t\t\t<\/div>\n\t\t\t\t<\/div>\n\t\t\t\t<\/div>\n\t\t\t\t<\/div>\n\t\t<div class=\"elementor-element elementor-element-a32fb91 e-con-full e-flex e-con e-child\" data-id=\"a32fb91\" data-element_type=\"container\">\n\t\t<div class=\"elementor-element elementor-element-0fae87d e-con-full e-flex e-con e-child\" data-id=\"0fae87d\" data-element_type=\"container\">\n\t\t\t\t<div class=\"elementor-element elementor-element-fcb8dbb elementor-widget elementor-widget-heading\" data-id=\"fcb8dbb\" data-element_type=\"widget\" data-widget_type=\"heading.default\">\n\t\t\t\t<div class=\"elementor-widget-container\">\n\t\t\t\t\t<h3 class=\"elementor-heading-title elementor-size-default\">My account<\/h3>\t\t\t\t<\/div>\n\t\t\t\t<\/div>\n\t\t\t\t<div class=\"elementor-element elementor-element-06df902 elementor-widget elementor-widget-text-editor\" data-id=\"06df902\" data-element_type=\"widget\" data-widget_type=\"text-editor.default\">\n\t\t\t\t<div class=\"elementor-widget-container\">\n\t\t\t\t\t\t\t\t\t<ul><li><a href=\"https:\/\/fullsteelmp7.com\/en\/mi-cuenta\/\">My account<\/a><\/li><li><a href=\"https:\/\/fullsteelmp7.com\/en\/home\/\">Home<\/a><\/li><li><a href=\"https:\/\/fullsteelmp7.com\/en\/contacto\/\">Contact<\/a><\/li><\/ul>\t\t\t\t\t\t\t\t<\/div>\n\t\t\t\t<\/div>\n\t\t\t\t<\/div>\n\t\t\t\t<\/div>\n\t\t\t\t\t<\/div>\n\t\t\t\t<\/div>\n\t\t\t\t<\/div>","protected":false},"excerpt":{"rendered":"<p>Informaci\u00f3n Aviso legal T\u00e9rminos y condiciones Sobre nosotros Pol\u00edtica de Privacidad Informaci\u00f3n despiece MP7 Pol\u00edtica de Env\u00edos Mi cuenta Mi cuenta Inicio Contacto<\/p>","protected":false},"author":1,"featured_media":0,"parent":0,"menu_order":0,"comment_status":"closed","ping_status":"closed","template":"","meta":{"_eb_attr":"","om_disable_all_campaigns":false,"_monsterinsights_skip_tracking":false,"_monsterinsights_sitenote_active":false,"_monsterinsights_sitenote_note":"","_monsterinsights_sitenote_category":0,"_uf_show_specific_survey":0,"_uf_disable_surveys":false,"footnotes":""},"class_list":["post-3698","page","type-page","status-publish","hentry"],"blocksy_meta":[],"yoast_head":"<!-- This site is optimized with the Yoast SEO plugin v27.1.1 - https:\/\/yoast.com\/product\/yoast-seo-wordpress\/ -->\n<title>Despiece \/ Vistas en perspectiva \/ C\u00f3digos de pieza - Full Steel MP7<\/title>\n<meta name=\"robots\" content=\"index, follow, max-snippet:-1, max-image-preview:large, max-video-preview:-1\" \/>\n<link rel=\"canonical\" href=\"https:\/\/fullsteelmp7.com\/en\/despiece-vistas-en-perspectiva-codigos-de-pieza\/\" \/>\n<meta property=\"og:locale\" content=\"en_GB\" \/>\n<meta property=\"og:type\" content=\"article\" \/>\n<meta property=\"og:title\" content=\"Despiece \/ Vistas en perspectiva \/ C\u00f3digos de pieza - Full Steel MP7\" \/>\n<meta property=\"og:description\" content=\"Informaci\u00f3n Aviso legal T\u00e9rminos y condiciones Sobre nosotros Pol\u00edtica de Privacidad Informaci\u00f3n despiece MP7 Pol\u00edtica de Env\u00edos Mi cuenta Mi cuenta Inicio Contacto\" \/>\n<meta property=\"og:url\" content=\"https:\/\/fullsteelmp7.com\/en\/despiece-vistas-en-perspectiva-codigos-de-pieza\/\" \/>\n<meta property=\"og:site_name\" content=\"Full Steel MP7\" \/>\n<meta property=\"article:modified_time\" content=\"2024-09-27T07:18:58+00:00\" \/>\n<meta property=\"og:image\" content=\"https:\/\/fullsteelmp7.com\/wp-content\/uploads\/2024\/06\/38269196561_f16664c227_c.jpg\" \/>\n<meta name=\"twitter:card\" content=\"summary_large_image\" \/>\n<script type=\"application\/ld+json\" class=\"yoast-schema-graph\">{\"@context\":\"https:\/\/schema.org\",\"@graph\":[{\"@type\":\"WebPage\",\"@id\":\"https:\/\/fullsteelmp7.com\/despiece-vistas-en-perspectiva-codigos-de-pieza\",\"url\":\"https:\/\/fullsteelmp7.com\/despiece-vistas-en-perspectiva-codigos-de-pieza\",\"name\":\"Despiece \/ Vistas en perspectiva \/ C\u00f3digos de pieza - Full Steel MP7\",\"isPartOf\":{\"@id\":\"https:\/\/fullsteelmp7.com\/#website\"},\"primaryImageOfPage\":{\"@id\":\"https:\/\/fullsteelmp7.com\/despiece-vistas-en-perspectiva-codigos-de-pieza#primaryimage\"},\"image\":{\"@id\":\"https:\/\/fullsteelmp7.com\/despiece-vistas-en-perspectiva-codigos-de-pieza#primaryimage\"},\"thumbnailUrl\":\"https:\/\/fullsteelmp7.com\/wp-content\/uploads\/2024\/06\/38269196561_f16664c227_c.jpg\",\"datePublished\":\"2024-06-18T15:24:48+00:00\",\"dateModified\":\"2024-09-27T07:18:58+00:00\",\"breadcrumb\":{\"@id\":\"https:\/\/fullsteelmp7.com\/despiece-vistas-en-perspectiva-codigos-de-pieza#breadcrumb\"},\"inLanguage\":\"en-GB\",\"potentialAction\":[{\"@type\":\"ReadAction\",\"target\":[\"https:\/\/fullsteelmp7.com\/despiece-vistas-en-perspectiva-codigos-de-pieza\"]}]},{\"@type\":\"ImageObject\",\"inLanguage\":\"en-GB\",\"@id\":\"https:\/\/fullsteelmp7.com\/despiece-vistas-en-perspectiva-codigos-de-pieza#primaryimage\",\"url\":\"https:\/\/fullsteelmp7.com\/wp-content\/uploads\/2024\/06\/38269196561_f16664c227_c.jpg\",\"contentUrl\":\"https:\/\/fullsteelmp7.com\/wp-content\/uploads\/2024\/06\/38269196561_f16664c227_c.jpg\"},{\"@type\":\"BreadcrumbList\",\"@id\":\"https:\/\/fullsteelmp7.com\/despiece-vistas-en-perspectiva-codigos-de-pieza#breadcrumb\",\"itemListElement\":[{\"@type\":\"ListItem\",\"position\":1,\"name\":\"Portada\",\"item\":\"https:\/\/fullsteelmp7.com\/\"},{\"@type\":\"ListItem\",\"position\":2,\"name\":\"Despiece \/ Vistas en perspectiva \/ C\u00f3digos de pieza\"}]},{\"@type\":\"WebSite\",\"@id\":\"https:\/\/fullsteelmp7.com\/#website\",\"url\":\"https:\/\/fullsteelmp7.com\/\",\"name\":\"Full Steel MP7\",\"description\":\"Repuestos para mp7 en acero\",\"publisher\":{\"@id\":\"https:\/\/fullsteelmp7.com\/#organization\"},\"potentialAction\":[{\"@type\":\"SearchAction\",\"target\":{\"@type\":\"EntryPoint\",\"urlTemplate\":\"https:\/\/fullsteelmp7.com\/?s={search_term_string}\"},\"query-input\":{\"@type\":\"PropertyValueSpecification\",\"valueRequired\":true,\"valueName\":\"search_term_string\"}}],\"inLanguage\":\"en-GB\"},{\"@type\":\"Organization\",\"@id\":\"https:\/\/fullsteelmp7.com\/#organization\",\"name\":\"Full Steel MP7\",\"url\":\"https:\/\/fullsteelmp7.com\/\",\"logo\":{\"@type\":\"ImageObject\",\"inLanguage\":\"en-GB\",\"@id\":\"https:\/\/fullsteelmp7.com\/#\/schema\/logo\/image\/\",\"url\":\"https:\/\/fullsteelmp7.com\/wp-content\/uploads\/2025\/05\/cropped-Logo_Full_Steel_MP7_sin_fondo_512.png\",\"contentUrl\":\"https:\/\/fullsteelmp7.com\/wp-content\/uploads\/2025\/05\/cropped-Logo_Full_Steel_MP7_sin_fondo_512.png\",\"width\":512,\"height\":512,\"caption\":\"Full Steel MP7\"},\"image\":{\"@id\":\"https:\/\/fullsteelmp7.com\/#\/schema\/logo\/image\/\"},\"sameAs\":[\"https:\/\/www.instagram.com\/fullsteelmp7\/?igsh=MTk2dzk5YzU1ZDhuNQ\"]}]}<\/script>\n<!-- \/ Yoast SEO plugin. -->","yoast_head_json":{"title":"Despiece \/ Vistas en perspectiva \/ C\u00f3digos de pieza - Full Steel MP7","robots":{"index":"index","follow":"follow","max-snippet":"max-snippet:-1","max-image-preview":"max-image-preview:large","max-video-preview":"max-video-preview:-1"},"canonical":"https:\/\/fullsteelmp7.com\/en\/despiece-vistas-en-perspectiva-codigos-de-pieza\/","og_locale":"en_GB","og_type":"article","og_title":"Despiece \/ Vistas en perspectiva \/ C\u00f3digos de pieza - Full Steel MP7","og_description":"Informaci\u00f3n Aviso legal T\u00e9rminos y condiciones Sobre nosotros Pol\u00edtica de Privacidad Informaci\u00f3n despiece MP7 Pol\u00edtica de Env\u00edos Mi cuenta Mi cuenta Inicio Contacto","og_url":"https:\/\/fullsteelmp7.com\/en\/despiece-vistas-en-perspectiva-codigos-de-pieza\/","og_site_name":"Full Steel MP7","article_modified_time":"2024-09-27T07:18:58+00:00","og_image":[{"url":"https:\/\/fullsteelmp7.com\/wp-content\/uploads\/2024\/06\/38269196561_f16664c227_c.jpg","type":"","width":"","height":""}],"twitter_card":"summary_large_image","schema":{"@context":"https:\/\/schema.org","@graph":[{"@type":"WebPage","@id":"https:\/\/fullsteelmp7.com\/despiece-vistas-en-perspectiva-codigos-de-pieza","url":"https:\/\/fullsteelmp7.com\/despiece-vistas-en-perspectiva-codigos-de-pieza","name":"Despiece \/ Vistas en perspectiva \/ C\u00f3digos de pieza - Full Steel MP7","isPartOf":{"@id":"https:\/\/fullsteelmp7.com\/#website"},"primaryImageOfPage":{"@id":"https:\/\/fullsteelmp7.com\/despiece-vistas-en-perspectiva-codigos-de-pieza#primaryimage"},"image":{"@id":"https:\/\/fullsteelmp7.com\/despiece-vistas-en-perspectiva-codigos-de-pieza#primaryimage"},"thumbnailUrl":"https:\/\/fullsteelmp7.com\/wp-content\/uploads\/2024\/06\/38269196561_f16664c227_c.jpg","datePublished":"2024-06-18T15:24:48+00:00","dateModified":"2024-09-27T07:18:58+00:00","breadcrumb":{"@id":"https:\/\/fullsteelmp7.com\/despiece-vistas-en-perspectiva-codigos-de-pieza#breadcrumb"},"inLanguage":"en-GB","potentialAction":[{"@type":"ReadAction","target":["https:\/\/fullsteelmp7.com\/despiece-vistas-en-perspectiva-codigos-de-pieza"]}]},{"@type":"ImageObject","inLanguage":"en-GB","@id":"https:\/\/fullsteelmp7.com\/despiece-vistas-en-perspectiva-codigos-de-pieza#primaryimage","url":"https:\/\/fullsteelmp7.com\/wp-content\/uploads\/2024\/06\/38269196561_f16664c227_c.jpg","contentUrl":"https:\/\/fullsteelmp7.com\/wp-content\/uploads\/2024\/06\/38269196561_f16664c227_c.jpg"},{"@type":"BreadcrumbList","@id":"https:\/\/fullsteelmp7.com\/despiece-vistas-en-perspectiva-codigos-de-pieza#breadcrumb","itemListElement":[{"@type":"ListItem","position":1,"name":"Portada","item":"https:\/\/fullsteelmp7.com\/"},{"@type":"ListItem","position":2,"name":"Despiece \/ Vistas en perspectiva \/ C\u00f3digos de pieza"}]},{"@type":"WebSite","@id":"https:\/\/fullsteelmp7.com\/#website","url":"https:\/\/fullsteelmp7.com\/","name":"Full Steel MP7","description":"Repuestos para mp7 en acero","publisher":{"@id":"https:\/\/fullsteelmp7.com\/#organization"},"potentialAction":[{"@type":"SearchAction","target":{"@type":"EntryPoint","urlTemplate":"https:\/\/fullsteelmp7.com\/?s={search_term_string}"},"query-input":{"@type":"PropertyValueSpecification","valueRequired":true,"valueName":"search_term_string"}}],"inLanguage":"en-GB"},{"@type":"Organization","@id":"https:\/\/fullsteelmp7.com\/#organization","name":"Full Steel MP7","url":"https:\/\/fullsteelmp7.com\/","logo":{"@type":"ImageObject","inLanguage":"en-GB","@id":"https:\/\/fullsteelmp7.com\/#\/schema\/logo\/image\/","url":"https:\/\/fullsteelmp7.com\/wp-content\/uploads\/2025\/05\/cropped-Logo_Full_Steel_MP7_sin_fondo_512.png","contentUrl":"https:\/\/fullsteelmp7.com\/wp-content\/uploads\/2025\/05\/cropped-Logo_Full_Steel_MP7_sin_fondo_512.png","width":512,"height":512,"caption":"Full Steel MP7"},"image":{"@id":"https:\/\/fullsteelmp7.com\/#\/schema\/logo\/image\/"},"sameAs":["https:\/\/www.instagram.com\/fullsteelmp7\/?igsh=MTk2dzk5YzU1ZDhuNQ"]}]}},"_links":{"self":[{"href":"https:\/\/fullsteelmp7.com\/en\/wp-json\/wp\/v2\/pages\/3698","targetHints":{"allow":["GET"]}}],"collection":[{"href":"https:\/\/fullsteelmp7.com\/en\/wp-json\/wp\/v2\/pages"}],"about":[{"href":"https:\/\/fullsteelmp7.com\/en\/wp-json\/wp\/v2\/types\/page"}],"author":[{"embeddable":true,"href":"https:\/\/fullsteelmp7.com\/en\/wp-json\/wp\/v2\/users\/1"}],"replies":[{"embeddable":true,"href":"https:\/\/fullsteelmp7.com\/en\/wp-json\/wp\/v2\/comments?post=3698"}],"version-history":[{"count":9,"href":"https:\/\/fullsteelmp7.com\/en\/wp-json\/wp\/v2\/pages\/3698\/revisions"}],"predecessor-version":[{"id":3941,"href":"https:\/\/fullsteelmp7.com\/en\/wp-json\/wp\/v2\/pages\/3698\/revisions\/3941"}],"wp:attachment":[{"href":"https:\/\/fullsteelmp7.com\/en\/wp-json\/wp\/v2\/media?parent=3698"}],"curies":[{"name":"wp","href":"https:\/\/api.w.org\/{rel}","templated":true}]}}