{"id":3492,"date":"2024-06-17T17:49:22","date_gmt":"2024-06-17T17:49:22","guid":{"rendered":"https:\/\/fullsteelmp7.com\/?page_id=3492"},"modified":"2024-09-27T08:22:59","modified_gmt":"2024-09-27T08:22:59","slug":"info-legal","status":"publish","type":"page","link":"https:\/\/fullsteelmp7.com\/en\/info-legal","title":{"rendered":"Legal information"},"content":{"rendered":"<div data-elementor-type=\"wp-page\" data-elementor-id=\"3492\" class=\"elementor elementor-3492\">\n\t\t\t\t<div class=\"elementor-element elementor-element-e7d8f17 e-flex e-con-boxed e-con e-parent\" data-id=\"e7d8f17\" data-element_type=\"container\">\n\t\t\t\t\t<div class=\"e-con-inner\">\n\t\t\t\t<div class=\"elementor-element elementor-element-86e750c elementor-widget elementor-widget-text-editor\" data-id=\"86e750c\" data-element_type=\"widget\" data-widget_type=\"text-editor.default\">\n\t\t\t\t<div class=\"elementor-widget-container\">\n\t\t\t\t\t\t\t\t\t<p><\/p>\n<h3>Legal information<\/h3>\n<p>UNIMAFI S.L. is the owner of this website, with registered office at Pza.\\ Felipe \u00c1lvarez Gadea 4, 28100 Alcobendas (MADRID) and with C.I.F number B-82737529.<\/p>\n<h3>Data protection<\/h3>\n<p>In compliance with Organic Law 15\/1999 of 13 December, which regulates the Protection of Personal Data, we inform you that your data will be treated with the utmost confidentiality.<br \/>UNIMAFI S.L. guarantees the confidentiality of all data provided by its customers. The sole purpose of this file is to maintain the contractual relationship with the customer, to facilitate the processing of orders, as well as to send timely information on products and services supplied by UNIMAFI S.L..<br \/>The collection and processing of data will be carried out under security levels that prevent the loss or manipulation of data. UNIMAFI S.L. undertakes to comply with its obligation of secrecy of personal data and its duty to protect them and to adopt all necessary measures to prevent their alteration, loss, processing or unauthorised use. Therefore, all information about our customers will not be used for commercial purposes nor will it be passed on to third parties.<br \/>We remind you that your e-mail address, together with the personal information that you have provided us with and that you provide us with in the future, will be included in the registered files owned by UNIMAFI S.L., whose purpose is the correct management of the company. Under no circumstances will this data be passed on to third parties.<br \/>In accordance with the provisions of the L.O. 15\/1999, on the protection of Personal Data, you are entitled to exercise your rights of access, rectification, cancellation and, where appropriate, opposition, by sending a written request, accompanied by a photocopy of your ID card, to Pza. Felipe \u00c1lvarez Gadea 4, 28100 Alcobendas (MADRID), or by e-mail to: info@fullsteellmp7.com<\/p>\n<h3>LINKS TO OTHER WEBSITES:<\/h3>\n<p>The website www.fullsteelmp7.com may include links to third party websites, for whose content UNIMAFI S.L. is not responsible. UNIMAFI S.L. has not reviewed all the contents of third party websites and does not carry out controls on them, nor on the measures they adopt regarding privacy or the treatment of your personal data.<\/p>\n<p><\/p>\n<p><\/p>\t\t\t\t\t\t\t\t<\/div>\n\t\t\t\t<\/div>\n\t\t\t\t\t<\/div>\n\t\t\t\t<\/div>\n\t\t<div class=\"elementor-element elementor-element-d2f1616 e-grid e-con-boxed e-con e-parent\" data-id=\"d2f1616\" data-element_type=\"container\">\n\t\t\t\t\t<div class=\"e-con-inner\">\n\t\t<div class=\"elementor-element elementor-element-e2c3cd9 e-con-full e-flex e-con e-child\" data-id=\"e2c3cd9\" data-element_type=\"container\">\n\t\t\t\t<div class=\"elementor-element elementor-element-5878a9f elementor-widget elementor-widget-image\" data-id=\"5878a9f\" data-element_type=\"widget\" data-widget_type=\"image.default\">\n\t\t\t\t<div class=\"elementor-widget-container\">\n\t\t\t\t\t\t\t\t\t\t\t\t\t\t\t<img fetchpriority=\"high\" decoding=\"async\" width=\"300\" height=\"300\" src=\"https:\/\/fullsteelmp7.com\/wp-content\/uploads\/2024\/06\/Acero-Barelio-Desing-by-E-10008-300x300.png\" class=\"attachment-medium size-medium wp-image-3415\" alt=\"\" srcset=\"https:\/\/fullsteelmp7.com\/wp-content\/uploads\/2024\/06\/Acero-Barelio-Desing-by-E-10008-e1718794287756.png 300w, https:\/\/fullsteelmp7.com\/wp-content\/uploads\/2024\/06\/Acero-Barelio-Desing-by-E-10008-150x150.png 150w, https:\/\/fullsteelmp7.com\/wp-content\/uploads\/2024\/06\/Acero-Barelio-Desing-by-E-10008-100x100.png 100w\" sizes=\"(max-width: 300px) 100vw, 300px\" \/>\t\t\t\t\t\t\t\t\t\t\t\t\t\t\t<\/div>\n\t\t\t\t<\/div>\n\t\t\t\t<\/div>\n\t\t<div class=\"elementor-element elementor-element-65c326f e-con-full e-flex e-con e-child\" data-id=\"65c326f\" data-element_type=\"container\">\n\t\t<div class=\"elementor-element elementor-element-0e2ec23 e-con-full e-flex e-con e-child\" data-id=\"0e2ec23\" data-element_type=\"container\">\n\t\t\t\t<div class=\"elementor-element elementor-element-4b2c6bf elementor-widget elementor-widget-heading\" data-id=\"4b2c6bf\" data-element_type=\"widget\" data-widget_type=\"heading.default\">\n\t\t\t\t<div class=\"elementor-widget-container\">\n\t\t\t\t\t<h3 class=\"elementor-heading-title elementor-size-default\">Information<\/h3>\t\t\t\t<\/div>\n\t\t\t\t<\/div>\n\t\t\t\t<div class=\"elementor-element elementor-element-1cf5401 elementor-widget elementor-widget-text-editor\" data-id=\"1cf5401\" data-element_type=\"widget\" data-widget_type=\"text-editor.default\">\n\t\t\t\t<div class=\"elementor-widget-container\">\n\t\t\t\t\t\t\t\t\t<ul>\n<li><a href=\"https:\/\/fullsteelmp7.com\/en\/info-legal\/\">Legal Notice<\/a><\/li>\n<li><a href=\"https:\/\/fullsteelmp7.com\/en\/quienes_somos\/\">About us<\/a><\/li>\n<li><a href=\"https:\/\/fullsteelmp7.com\/en\/term_cond\/\">Terms and conditions of use<\/a><\/li>\n<li><a href=\"https:\/\/fullsteelmp7.com\/en\/poli_sent\/\">Shipping Policy <\/a><\/li>\n<li><a href=\"https:\/\/fullsteelmp7.com\/en\/politica_priv\/\">Privacy policy<\/a><\/li>\n<li><a href=\"https:\/\/fullsteelmp7.com\/en\/despiece-vistas-en-perspectiva-codigos-de-pieza\/\">MP7 exploded view information<\/a><\/li>\n<\/ul>\t\t\t\t\t\t\t\t<\/div>\n\t\t\t\t<\/div>\n\t\t\t\t<\/div>\n\t\t\t\t<\/div>\n\t\t<div class=\"elementor-element elementor-element-d156ca6 e-con-full e-flex e-con e-child\" data-id=\"d156ca6\" data-element_type=\"container\">\n\t\t<div class=\"elementor-element elementor-element-c242779 e-con-full e-flex e-con e-child\" data-id=\"c242779\" data-element_type=\"container\">\n\t\t\t\t<div class=\"elementor-element elementor-element-363cb17 elementor-widget elementor-widget-heading\" data-id=\"363cb17\" data-element_type=\"widget\" data-widget_type=\"heading.default\">\n\t\t\t\t<div class=\"elementor-widget-container\">\n\t\t\t\t\t<h3 class=\"elementor-heading-title elementor-size-default\">My account<\/h3>\t\t\t\t<\/div>\n\t\t\t\t<\/div>\n\t\t\t\t<div class=\"elementor-element elementor-element-3b0a2b7 elementor-widget elementor-widget-text-editor\" data-id=\"3b0a2b7\" data-element_type=\"widget\" data-widget_type=\"text-editor.default\">\n\t\t\t\t<div class=\"elementor-widget-container\">\n\t\t\t\t\t\t\t\t\t<ul>\n<li><a href=\"https:\/\/fullsteelmp7.com\/en\/mi-cuenta\/\">My account<\/a><\/li>\n<li><a href=\"https:\/\/fullsteelmp7.com\/en\/home\/\">Home<\/a><\/li>\n<li><a href=\"https:\/\/fullsteelmp7.com\/en\/contacto\/\">Contact<\/a><\/li>\n<\/ul>\t\t\t\t\t\t\t\t<\/div>\n\t\t\t\t<\/div>\n\t\t\t\t<\/div>\n\t\t\t\t<\/div>\n\t\t\t\t\t<\/div>\n\t\t\t\t<\/div>\n\t\t\t\t<\/div>","protected":false},"excerpt":{"rendered":"<p>INFORMACI\u00d3N LEGAL UNIMAFI S.L. es la entidad titular de este website, con domicilio social en Pza. Felipe \u00c1lvarez Gadea 4, 28100 Alcobendas (MADRID) y con C.I.F. n\u00famero B-82737529. PROTECCI\u00d3N DE DATOS: En cumplimiento de la Ley Org\u00e1nica 15\/1999 de 13 de Diciembre que regula la Protecci\u00f3n de Datos de Car\u00e1cter Personal, le informamos de que [&hellip;]<\/p>\n","protected":false},"author":1,"featured_media":0,"parent":0,"menu_order":0,"comment_status":"closed","ping_status":"closed","template":"","meta":{"_eb_attr":"","om_disable_all_campaigns":false,"_monsterinsights_skip_tracking":false,"_monsterinsights_sitenote_active":false,"_monsterinsights_sitenote_note":"","_monsterinsights_sitenote_category":0,"_uf_show_specific_survey":0,"_uf_disable_surveys":false,"footnotes":""},"class_list":["post-3492","page","type-page","status-publish","hentry"],"blocksy_meta":[],"yoast_head":"<!-- This site is optimized with the Yoast SEO plugin v27.1.1 - https:\/\/yoast.com\/product\/yoast-seo-wordpress\/ -->\n<title>Informacion Legal - Full Steel MP7<\/title>\n<meta name=\"robots\" content=\"index, follow, max-snippet:-1, max-image-preview:large, max-video-preview:-1\" \/>\n<link rel=\"canonical\" href=\"https:\/\/fullsteelmp7.com\/en\/info-legal\/\" \/>\n<meta property=\"og:locale\" content=\"en_GB\" \/>\n<meta property=\"og:type\" content=\"article\" \/>\n<meta property=\"og:title\" content=\"Informacion Legal - Full Steel MP7\" \/>\n<meta property=\"og:description\" content=\"INFORMACI\u00d3N LEGAL UNIMAFI S.L. es la entidad titular de este website, con domicilio social en Pza. Felipe \u00c1lvarez Gadea 4, 28100 Alcobendas (MADRID) y con C.I.F. n\u00famero B-82737529. PROTECCI\u00d3N DE DATOS: En cumplimiento de la Ley Org\u00e1nica 15\/1999 de 13 de Diciembre que regula la Protecci\u00f3n de Datos de Car\u00e1cter Personal, le informamos de que [&hellip;]\" \/>\n<meta property=\"og:url\" content=\"https:\/\/fullsteelmp7.com\/en\/info-legal\/\" \/>\n<meta property=\"og:site_name\" content=\"Full Steel MP7\" \/>\n<meta property=\"article:modified_time\" content=\"2024-09-27T08:22:59+00:00\" \/>\n<meta property=\"og:image\" content=\"https:\/\/fullsteelmp7.com\/wp-content\/uploads\/2024\/06\/Acero-Barelio-Desing-by-E-10008-300x300.png\" \/>\n<meta name=\"twitter:card\" content=\"summary_large_image\" \/>\n<meta name=\"twitter:label1\" content=\"Estimated reading time\" \/>\n\t<meta name=\"twitter:data1\" content=\"2 minutes\" \/>\n<script type=\"application\/ld+json\" class=\"yoast-schema-graph\">{\"@context\":\"https:\/\/schema.org\",\"@graph\":[{\"@type\":\"WebPage\",\"@id\":\"https:\/\/fullsteelmp7.com\/info-legal\",\"url\":\"https:\/\/fullsteelmp7.com\/info-legal\",\"name\":\"Informacion Legal - Full Steel MP7\",\"isPartOf\":{\"@id\":\"https:\/\/fullsteelmp7.com\/#website\"},\"primaryImageOfPage\":{\"@id\":\"https:\/\/fullsteelmp7.com\/info-legal#primaryimage\"},\"image\":{\"@id\":\"https:\/\/fullsteelmp7.com\/info-legal#primaryimage\"},\"thumbnailUrl\":\"https:\/\/fullsteelmp7.com\/wp-content\/uploads\/2024\/06\/Acero-Barelio-Desing-by-E-10008-300x300.png\",\"datePublished\":\"2024-06-17T17:49:22+00:00\",\"dateModified\":\"2024-09-27T08:22:59+00:00\",\"breadcrumb\":{\"@id\":\"https:\/\/fullsteelmp7.com\/info-legal#breadcrumb\"},\"inLanguage\":\"en-GB\",\"potentialAction\":[{\"@type\":\"ReadAction\",\"target\":[\"https:\/\/fullsteelmp7.com\/info-legal\"]}]},{\"@type\":\"ImageObject\",\"inLanguage\":\"en-GB\",\"@id\":\"https:\/\/fullsteelmp7.com\/info-legal#primaryimage\",\"url\":\"https:\/\/fullsteelmp7.com\/wp-content\/uploads\/2024\/06\/Acero-Barelio-Desing-by-E-10008-300x300.png\",\"contentUrl\":\"https:\/\/fullsteelmp7.com\/wp-content\/uploads\/2024\/06\/Acero-Barelio-Desing-by-E-10008-300x300.png\"},{\"@type\":\"BreadcrumbList\",\"@id\":\"https:\/\/fullsteelmp7.com\/info-legal#breadcrumb\",\"itemListElement\":[{\"@type\":\"ListItem\",\"position\":1,\"name\":\"Portada\",\"item\":\"https:\/\/fullsteelmp7.com\/\"},{\"@type\":\"ListItem\",\"position\":2,\"name\":\"Informacion Legal\"}]},{\"@type\":\"WebSite\",\"@id\":\"https:\/\/fullsteelmp7.com\/#website\",\"url\":\"https:\/\/fullsteelmp7.com\/\",\"name\":\"Full Steel MP7\",\"description\":\"Repuestos para mp7 en acero\",\"publisher\":{\"@id\":\"https:\/\/fullsteelmp7.com\/#organization\"},\"potentialAction\":[{\"@type\":\"SearchAction\",\"target\":{\"@type\":\"EntryPoint\",\"urlTemplate\":\"https:\/\/fullsteelmp7.com\/?s={search_term_string}\"},\"query-input\":{\"@type\":\"PropertyValueSpecification\",\"valueRequired\":true,\"valueName\":\"search_term_string\"}}],\"inLanguage\":\"en-GB\"},{\"@type\":\"Organization\",\"@id\":\"https:\/\/fullsteelmp7.com\/#organization\",\"name\":\"Full Steel MP7\",\"url\":\"https:\/\/fullsteelmp7.com\/\",\"logo\":{\"@type\":\"ImageObject\",\"inLanguage\":\"en-GB\",\"@id\":\"https:\/\/fullsteelmp7.com\/#\/schema\/logo\/image\/\",\"url\":\"https:\/\/fullsteelmp7.com\/wp-content\/uploads\/2025\/05\/cropped-Logo_Full_Steel_MP7_sin_fondo_512.png\",\"contentUrl\":\"https:\/\/fullsteelmp7.com\/wp-content\/uploads\/2025\/05\/cropped-Logo_Full_Steel_MP7_sin_fondo_512.png\",\"width\":512,\"height\":512,\"caption\":\"Full Steel MP7\"},\"image\":{\"@id\":\"https:\/\/fullsteelmp7.com\/#\/schema\/logo\/image\/\"},\"sameAs\":[\"https:\/\/www.instagram.com\/fullsteelmp7\/?igsh=MTk2dzk5YzU1ZDhuNQ\"]}]}<\/script>\n<!-- \/ Yoast SEO plugin. -->","yoast_head_json":{"title":"Informacion Legal - Full Steel MP7","robots":{"index":"index","follow":"follow","max-snippet":"max-snippet:-1","max-image-preview":"max-image-preview:large","max-video-preview":"max-video-preview:-1"},"canonical":"https:\/\/fullsteelmp7.com\/en\/info-legal\/","og_locale":"en_GB","og_type":"article","og_title":"Informacion Legal - Full Steel MP7","og_description":"INFORMACI\u00d3N LEGAL UNIMAFI S.L. es la entidad titular de este website, con domicilio social en Pza. Felipe \u00c1lvarez Gadea 4, 28100 Alcobendas (MADRID) y con C.I.F. n\u00famero B-82737529. PROTECCI\u00d3N DE DATOS: En cumplimiento de la Ley Org\u00e1nica 15\/1999 de 13 de Diciembre que regula la Protecci\u00f3n de Datos de Car\u00e1cter Personal, le informamos de que [&hellip;]","og_url":"https:\/\/fullsteelmp7.com\/en\/info-legal\/","og_site_name":"Full Steel MP7","article_modified_time":"2024-09-27T08:22:59+00:00","og_image":[{"url":"https:\/\/fullsteelmp7.com\/wp-content\/uploads\/2024\/06\/Acero-Barelio-Desing-by-E-10008-300x300.png","type":"","width":"","height":""}],"twitter_card":"summary_large_image","twitter_misc":{"Estimated reading time":"2 minutes"},"schema":{"@context":"https:\/\/schema.org","@graph":[{"@type":"WebPage","@id":"https:\/\/fullsteelmp7.com\/info-legal","url":"https:\/\/fullsteelmp7.com\/info-legal","name":"Informacion Legal - Full Steel MP7","isPartOf":{"@id":"https:\/\/fullsteelmp7.com\/#website"},"primaryImageOfPage":{"@id":"https:\/\/fullsteelmp7.com\/info-legal#primaryimage"},"image":{"@id":"https:\/\/fullsteelmp7.com\/info-legal#primaryimage"},"thumbnailUrl":"https:\/\/fullsteelmp7.com\/wp-content\/uploads\/2024\/06\/Acero-Barelio-Desing-by-E-10008-300x300.png","datePublished":"2024-06-17T17:49:22+00:00","dateModified":"2024-09-27T08:22:59+00:00","breadcrumb":{"@id":"https:\/\/fullsteelmp7.com\/info-legal#breadcrumb"},"inLanguage":"en-GB","potentialAction":[{"@type":"ReadAction","target":["https:\/\/fullsteelmp7.com\/info-legal"]}]},{"@type":"ImageObject","inLanguage":"en-GB","@id":"https:\/\/fullsteelmp7.com\/info-legal#primaryimage","url":"https:\/\/fullsteelmp7.com\/wp-content\/uploads\/2024\/06\/Acero-Barelio-Desing-by-E-10008-300x300.png","contentUrl":"https:\/\/fullsteelmp7.com\/wp-content\/uploads\/2024\/06\/Acero-Barelio-Desing-by-E-10008-300x300.png"},{"@type":"BreadcrumbList","@id":"https:\/\/fullsteelmp7.com\/info-legal#breadcrumb","itemListElement":[{"@type":"ListItem","position":1,"name":"Portada","item":"https:\/\/fullsteelmp7.com\/"},{"@type":"ListItem","position":2,"name":"Informacion Legal"}]},{"@type":"WebSite","@id":"https:\/\/fullsteelmp7.com\/#website","url":"https:\/\/fullsteelmp7.com\/","name":"Full Steel MP7","description":"Repuestos para mp7 en acero","publisher":{"@id":"https:\/\/fullsteelmp7.com\/#organization"},"potentialAction":[{"@type":"SearchAction","target":{"@type":"EntryPoint","urlTemplate":"https:\/\/fullsteelmp7.com\/?s={search_term_string}"},"query-input":{"@type":"PropertyValueSpecification","valueRequired":true,"valueName":"search_term_string"}}],"inLanguage":"en-GB"},{"@type":"Organization","@id":"https:\/\/fullsteelmp7.com\/#organization","name":"Full Steel MP7","url":"https:\/\/fullsteelmp7.com\/","logo":{"@type":"ImageObject","inLanguage":"en-GB","@id":"https:\/\/fullsteelmp7.com\/#\/schema\/logo\/image\/","url":"https:\/\/fullsteelmp7.com\/wp-content\/uploads\/2025\/05\/cropped-Logo_Full_Steel_MP7_sin_fondo_512.png","contentUrl":"https:\/\/fullsteelmp7.com\/wp-content\/uploads\/2025\/05\/cropped-Logo_Full_Steel_MP7_sin_fondo_512.png","width":512,"height":512,"caption":"Full Steel MP7"},"image":{"@id":"https:\/\/fullsteelmp7.com\/#\/schema\/logo\/image\/"},"sameAs":["https:\/\/www.instagram.com\/fullsteelmp7\/?igsh=MTk2dzk5YzU1ZDhuNQ"]}]}},"_links":{"self":[{"href":"https:\/\/fullsteelmp7.com\/en\/wp-json\/wp\/v2\/pages\/3492","targetHints":{"allow":["GET"]}}],"collection":[{"href":"https:\/\/fullsteelmp7.com\/en\/wp-json\/wp\/v2\/pages"}],"about":[{"href":"https:\/\/fullsteelmp7.com\/en\/wp-json\/wp\/v2\/types\/page"}],"author":[{"embeddable":true,"href":"https:\/\/fullsteelmp7.com\/en\/wp-json\/wp\/v2\/users\/1"}],"replies":[{"embeddable":true,"href":"https:\/\/fullsteelmp7.com\/en\/wp-json\/wp\/v2\/comments?post=3492"}],"version-history":[{"count":23,"href":"https:\/\/fullsteelmp7.com\/en\/wp-json\/wp\/v2\/pages\/3492\/revisions"}],"predecessor-version":[{"id":3963,"href":"https:\/\/fullsteelmp7.com\/en\/wp-json\/wp\/v2\/pages\/3492\/revisions\/3963"}],"wp:attachment":[{"href":"https:\/\/fullsteelmp7.com\/en\/wp-json\/wp\/v2\/media?parent=3492"}],"curies":[{"name":"wp","href":"https:\/\/api.w.org\/{rel}","templated":true}]}}