{"id":14,"date":"2024-06-17T17:52:45","date_gmt":"2024-06-17T17:52:45","guid":{"rendered":"https:\/\/fullsteelmp7.com\/?page_id=14"},"modified":"2024-09-27T08:32:30","modified_gmt":"2024-09-27T08:32:30","slug":"politica_priv","status":"publish","type":"page","link":"https:\/\/fullsteelmp7.com\/en\/politica_priv","title":{"rendered":"Privacy policy"},"content":{"rendered":"<div data-elementor-type=\"wp-page\" data-elementor-id=\"14\" class=\"elementor elementor-14\">\n\t\t\t\t<div class=\"elementor-element elementor-element-8a62fc7 e-flex e-con-boxed e-con e-parent\" data-id=\"8a62fc7\" data-element_type=\"container\">\n\t\t\t\t\t<div class=\"e-con-inner\">\n\t\t\t\t<div class=\"elementor-element elementor-element-193b886b elementor-widget elementor-widget-text-editor\" data-id=\"193b886b\" data-element_type=\"widget\" data-widget_type=\"text-editor.default\">\n\t\t\t\t<div class=\"elementor-widget-container\">\n\t\t\t\t\t\t\t\t\t<p><\/p>\n<header class=\"page-header\">\n<h1>Privacy policy<\/h1>\n<\/header>\n<section id=\"content\" class=\"page-content page-cms page-cms-6\">\n<p>Visiting this website does not imply that the user is obliged to provide any information. In the event that the user provides any personal information, the data collected on this website will be treated fairly and lawfully, subject at all times to the principles and rights set out in Regulation (EU) 2016\/679 of 27 April, General Data Protection Regulation (GDPR) and other applicable regulations.<\/p>\n<p>In compliance with the provisions of article 13 of the RGPD, we inform you of the following:<\/p>\n<p>Name: UNIMAFI S.L.<\/p>\n<p>CIF:B-82737529<\/p>\n<p>Registered office: Pza.\\ Felipe \u00c1lvarez Gadea 4<br \/>Madrid (28100 \u2013 Alcobendas)<\/p>\n<p>Phone: +34 722 86 08 34<\/p>\n<div class=\"titH2\">\n<h3>GENERAL<\/h3>\n<p>\u00a0<\/p>\n<\/div>\n<p>UNIMAFI S.L. expressly guarantees that the data you provide will be kept absolutely confidential, under the Data Protection Act under the registration number: 2080910076.<\/p>\n<div class=\"titH2\">\n<h3>PROCESSING OF YOUR PERSONAL DATA<\/h3>\n<\/div>\n<p>\u00a0<\/p>\n<p>In order to process your order and to assign the reproduction rights of the images to our customers, we require certain personal data such as company name, VAT number, name and surname, address, telephone number and e-mail address, which are processed in computerised form. You expressly authorise us to store these data in our customer database for internal use. In accordance with the provisions of Organic Law 15\/99 of 13 December 1999 on the Protection of Personal Data and the implementing regulations, you may, at any time, access, modify or request that we delete your personal information from our database through our website or by sending an e-mail to <a href=\"mailto:info@fullsteelmp7.com\">info@fullsteelmp7.com<\/a>.<\/p>\n<p>The processing and management of these files complies with the stipulations of Royal Decree 994\/1999, of 11 June, which approves the regulations on security measures for automated files containing personal data.<\/p>\n<p><strong>UNIMAFI S.L.<\/strong> under no circumstances sells or sells information about its customers to third parties nor will it transfer or assign any information about its customers' data.<\/p>\n<h3 class=\"titulo-subrayado m-t-3\">USE OF TICKETS<\/h3>\n<p>Each user can access their tickets with a username and password. Passwords are personal and non-transferable and the user is responsible for the use of their passwords and their communication to third parties. The information contained in the tickets is confidential.<\/p>\n<p>UNIMAFI S.L. prohibits the publication of tickets to third parties and their disclosure in forums, social networks and any website.<\/p>\n<p>Your data may be communicated to manufacturers in the event of faulty or defective products.<\/p>\n<p>&#8211; <strong>Information gathered for web improvements<\/strong><br \/>In order to improve our services and online shopping we are analysing the portal of <strong>Full Steel MP7<\/strong> and the correct navigation of the user. This information will be kept confidential and will only be used to improve the security and operation of our online shop and for statistical purposes.<\/p>\n<p>\u00a0<\/p>\n<h3 class=\"titulo-subrayado m-t-3 h3\">LEGAL BASIS OF PROCESSING<\/h3>\n<p>For the purposes of registration, purchase and warranty management, we will base the processing of data on the execution of the purchase contract or within the framework of the pre-contractual relationship.<\/p>\n<p>For the sending of commercial information we will base the processing on your consent, although if you are already a customer we may send you information about similar products, always providing you with a simple and free means of unsubscribing.<\/p>\n<p>The consent given here by the Data Controller for the communication of data to third parties may be revoked at any time, without retroactive effect.<\/p>\n<p>\u00a0<\/p>\n<h3 class=\"titulo-subrayado m-t-3 h3\">RECIPIENTS<\/h3>\n<p>On the occasion of the purchase your data may be communicated to the following recipients:<\/p>\n<ul>\n<li>\n<p>Bank entities for the payment of purchases by card.<\/p>\n<\/li>\n<li>\n<p>To the Office of Consumers and Users in the event of a complaint.<\/p>\n<\/li>\n<li>\n<p>To manufacturers, technical services and\/or wholesalers in the case of guarantees or repairs. To those transport companies that may be in charge of sending the corresponding orders to customers. These recipients may be located within or outside Spanish territory, depending on the product and\/or service purchased.<\/p>\n<\/li>\n<li>\n<p>In the legally established cases, such as the case of the Security Forces and Corps.<\/p>\n<\/li>\n<li>\n<p>To public administrations to whom we have to provide information in order to comply with our legal obligations<\/p>\n<\/li>\n<\/ul>\n<p>UNIMAFI S.L. assures the confidentiality of the data provided and guarantees that, under no circumstances, will they be transferred for any other use without the prior and express consent of our customers. We will only ask you for the data necessary to provide the required service and they will only be used for this purpose.<\/p>\n<p>\u00a0<\/p>\n<h3 class=\"titulo-subrayado m-t-3 h3\">DATA PROTECTION OFFICER<\/h3>\n<p>We have appointed a data protection officer (DPO) for all matters relating to your personal data.<\/p>\n<p>He can be contacted at <a href=\"mailto:info@fullsteelmp7.com\">info@fullsteelmp7.com<\/a><\/p>\n<p>\u00a0<\/p>\n<h3 class=\"titulo-subrayado m-t-3 h3\">PROTECTION OF MINORS<\/h3>\n<p><strong>Full Steel MP7 <\/strong>does not collect personal data from minors.<\/p>\n<p>It is the responsibility of the parent\/legal guardian to ensure the privacy of minors, making every effort to ensure that they have authorised the collection and use of the minor's personal data.<\/p>\n<p>\u00a0<\/p>\n<h3 class=\"titulo-subrayado m-t-3 h3\">SOCIAL NETWORKS<\/h3>\n<p>Through our website you can access the social networks Facebook, Twitter or Youtube with open access to all users. These are websites where users can register and follow us free of charge. In these social networks users can learn about our activities, opinions, access to photos and videos. Users of these social networks should be aware that this site is independent of the website www.fullsteelmp7.com and is open, i.e. it is visible to all its users, and the privacy policies to be applied to these contents are those set by Facebook, Twitter or Youtube.<\/p>\n<p>\u00a0<\/p>\n<div class=\"titH2\">\n<h3>SECURITY<\/h3>\n<\/div>\n<p><strong>Full Steel MP7<\/strong> takes all necessary measures to protect the confidentiality of your personal information. Only authorised employees have access to the databases that store user information or to the servers that host our service.<\/p>\n<p>\u00a0<\/p>\n<h3 class=\"titulo-subrayado m-t-3 h3\">RIGHTS OF DATA SUBJECTS<\/h3>\n<p>The interested party has the following rights:<\/p>\n<ul>\n<li>\n<p>You may request information about the personal data stored concerning you (access).<\/p>\n<\/li>\n<li>\n<p>You may request that inaccuracies in your personal data be corrected (rectification).<\/p>\n<\/li>\n<li>\n<p>You may request the erasure or restriction of the processing of your personal data and (deletion and restriction)<\/p>\n<\/li>\n<li>\n<p>You may also request that your personal data be made available to you in a structured, standard, machine-readable format (portability).<\/p>\n<\/li>\n<\/ul>\n<p>To do so, you must write to us, enclosing a copy of your ID card or other document that identifies you, at the following address: Adress:<\/p>\n<p>Pza.\\ Felipe \u00c1lvarez Gadea 4<br \/>Madrid (28100 \u2013 Alcobendas)<\/p>\n<p>Also through our form or to the e-mail <a href=\"mailto:info@fullsteelmp7.com\">info@fullsteelmp7.com<\/a><\/p>\n<p>The data subject also has the right to lodge a complaint with the data protection authorities (Spanish Data Protection Agency). However, we invite you to contact us to solve any question related to the data.<\/p>\n<p>\u00a0<\/p>\n<div class=\"titH2\">\n<h3>MODIFICATIONS<\/h3>\n<\/div>\n<p><strong>Full steel mp7<\/strong> reserves the right to modify its privacy policy due to a change in legislation, jurisprudence or in accordance with its criteria or business practice.<\/p>\n<p>For any questions or clarification regarding our privacy policy, please contact us by email at <a href=\"mailto:info@fullsteellmp7.com\">info@fullsteellmp7.com<\/a><\/p>\n<\/section>\n<p>\u00a0<\/p>\n<p><\/p>\n<p>\u00a0<\/p>\t\t\t\t\t\t\t\t<\/div>\n\t\t\t\t<\/div>\n\t\t\t\t\t<\/div>\n\t\t\t\t<\/div>\n\t\t<div class=\"elementor-element elementor-element-58a7394 e-grid e-con-boxed e-con e-parent\" data-id=\"58a7394\" data-element_type=\"container\">\n\t\t\t\t\t<div class=\"e-con-inner\">\n\t\t<div class=\"elementor-element elementor-element-edd03bc e-con-full e-flex e-con e-child\" data-id=\"edd03bc\" data-element_type=\"container\">\n\t\t\t\t<div class=\"elementor-element elementor-element-ecc7490 elementor-widget elementor-widget-image\" data-id=\"ecc7490\" data-element_type=\"widget\" data-widget_type=\"image.default\">\n\t\t\t\t<div class=\"elementor-widget-container\">\n\t\t\t\t\t\t\t\t\t\t\t\t\t\t\t<img fetchpriority=\"high\" decoding=\"async\" width=\"300\" height=\"300\" src=\"https:\/\/fullsteelmp7.com\/wp-content\/uploads\/2024\/06\/Acero-Barelio-Desing-by-E-10008-300x300.png\" class=\"attachment-medium size-medium wp-image-3415\" alt=\"\" srcset=\"https:\/\/fullsteelmp7.com\/wp-content\/uploads\/2024\/06\/Acero-Barelio-Desing-by-E-10008-e1718794287756.png 300w, https:\/\/fullsteelmp7.com\/wp-content\/uploads\/2024\/06\/Acero-Barelio-Desing-by-E-10008-150x150.png 150w, https:\/\/fullsteelmp7.com\/wp-content\/uploads\/2024\/06\/Acero-Barelio-Desing-by-E-10008-100x100.png 100w\" sizes=\"(max-width: 300px) 100vw, 300px\" \/>\t\t\t\t\t\t\t\t\t\t\t\t\t\t\t<\/div>\n\t\t\t\t<\/div>\n\t\t\t\t<\/div>\n\t\t<div class=\"elementor-element elementor-element-175ef8a e-con-full e-flex e-con e-child\" data-id=\"175ef8a\" data-element_type=\"container\">\n\t\t<div class=\"elementor-element elementor-element-a740c8e e-con-full e-flex e-con e-child\" data-id=\"a740c8e\" data-element_type=\"container\">\n\t\t\t\t<div class=\"elementor-element elementor-element-5b6cbb5 elementor-widget elementor-widget-heading\" data-id=\"5b6cbb5\" data-element_type=\"widget\" data-widget_type=\"heading.default\">\n\t\t\t\t<div class=\"elementor-widget-container\">\n\t\t\t\t\t<h3 class=\"elementor-heading-title elementor-size-default\">Information<\/h3>\t\t\t\t<\/div>\n\t\t\t\t<\/div>\n\t\t\t\t<div class=\"elementor-element elementor-element-45298e7 elementor-widget elementor-widget-text-editor\" data-id=\"45298e7\" data-element_type=\"widget\" data-widget_type=\"text-editor.default\">\n\t\t\t\t<div class=\"elementor-widget-container\">\n\t\t\t\t\t\t\t\t\t<ul>\n<li><a href=\"https:\/\/fullsteelmp7.com\/en\/info-legal\/\">Legal Notice<\/a><\/li>\n<li><a href=\"https:\/\/fullsteelmp7.com\/en\/quienes_somos\/\">About us<\/a><\/li>\n<li><a href=\"https:\/\/fullsteelmp7.com\/en\/term_cond\/\">Terms and conditions of use<\/a><\/li>\n<li><a href=\"https:\/\/fullsteelmp7.com\/en\/poli_sent\/\">Shipping Policy <\/a><\/li>\n<li><a href=\"https:\/\/fullsteelmp7.com\/en\/politica_priv\/\">Privacy policy<\/a><\/li>\n<li><a href=\"https:\/\/fullsteelmp7.com\/en\/despiece-vistas-en-perspectiva-codigos-de-pieza\/\">MP7 exploded view information<\/a><\/li>\n<\/ul>\t\t\t\t\t\t\t\t<\/div>\n\t\t\t\t<\/div>\n\t\t\t\t<\/div>\n\t\t\t\t<\/div>\n\t\t<div class=\"elementor-element elementor-element-b5590a4 e-con-full e-flex e-con e-child\" data-id=\"b5590a4\" data-element_type=\"container\">\n\t\t<div class=\"elementor-element elementor-element-a6edd77 e-con-full e-flex e-con e-child\" data-id=\"a6edd77\" data-element_type=\"container\">\n\t\t\t\t<div class=\"elementor-element elementor-element-0e8d43d elementor-widget elementor-widget-heading\" data-id=\"0e8d43d\" data-element_type=\"widget\" data-widget_type=\"heading.default\">\n\t\t\t\t<div class=\"elementor-widget-container\">\n\t\t\t\t\t<h3 class=\"elementor-heading-title elementor-size-default\">My account<\/h3>\t\t\t\t<\/div>\n\t\t\t\t<\/div>\n\t\t\t\t<div class=\"elementor-element elementor-element-260ff4e elementor-widget elementor-widget-text-editor\" data-id=\"260ff4e\" data-element_type=\"widget\" data-widget_type=\"text-editor.default\">\n\t\t\t\t<div class=\"elementor-widget-container\">\n\t\t\t\t\t\t\t\t\t<ul>\n<li><a href=\"https:\/\/fullsteelmp7.com\/en\/mi-cuenta\/\">My account<\/a><\/li>\n<li><a href=\"https:\/\/fullsteelmp7.com\/en\/home\/\">Home<\/a><\/li>\n<li><a href=\"https:\/\/fullsteelmp7.com\/en\/contacto\/\">Contact<\/a><\/li>\n<\/ul>\t\t\t\t\t\t\t\t<\/div>\n\t\t\t\t<\/div>\n\t\t\t\t<\/div>\n\t\t\t\t<\/div>\n\t\t\t\t\t<\/div>\n\t\t\t\t<\/div>\n\t\t\t\t<\/div>","protected":false},"excerpt":{"rendered":"<p>Pol\u00edtica de Privacidad La visita a este sitio Web no implica que el usuario est\u00e9 obligado a facilitar ninguna informaci\u00f3n. En el caso de que el usuario facilite alguna informaci\u00f3n de car\u00e1cter personal, los datos recogidos en este sitio web ser\u00e1n tratados de forma leal y l\u00edcita con sujeci\u00f3n en todo momento a los principios [&hellip;]<\/p>\n","protected":false},"author":1,"featured_media":0,"parent":0,"menu_order":0,"comment_status":"closed","ping_status":"closed","template":"","meta":{"_eb_attr":"","om_disable_all_campaigns":false,"_monsterinsights_skip_tracking":false,"_monsterinsights_sitenote_active":false,"_monsterinsights_sitenote_note":"","_monsterinsights_sitenote_category":0,"_uf_show_specific_survey":0,"_uf_disable_surveys":false,"footnotes":""},"class_list":["post-14","page","type-page","status-publish","hentry"],"blocksy_meta":[],"yoast_head":"<!-- This site is optimized with the Yoast SEO plugin v27.1.1 - https:\/\/yoast.com\/product\/yoast-seo-wordpress\/ -->\n<title>Pol\u00edtica de privacidad - Full Steel MP7<\/title>\n<meta name=\"robots\" content=\"index, follow, max-snippet:-1, max-image-preview:large, max-video-preview:-1\" \/>\n<link rel=\"canonical\" href=\"https:\/\/fullsteelmp7.com\/en\/politica_priv\/\" \/>\n<meta property=\"og:locale\" content=\"en_GB\" \/>\n<meta property=\"og:type\" content=\"article\" \/>\n<meta property=\"og:title\" content=\"Pol\u00edtica de privacidad - Full Steel MP7\" \/>\n<meta property=\"og:description\" content=\"Pol\u00edtica de Privacidad La visita a este sitio Web no implica que el usuario est\u00e9 obligado a facilitar ninguna informaci\u00f3n. En el caso de que el usuario facilite alguna informaci\u00f3n de car\u00e1cter personal, los datos recogidos en este sitio web ser\u00e1n tratados de forma leal y l\u00edcita con sujeci\u00f3n en todo momento a los principios [&hellip;]\" \/>\n<meta property=\"og:url\" content=\"https:\/\/fullsteelmp7.com\/en\/politica_priv\/\" \/>\n<meta property=\"og:site_name\" content=\"Full Steel MP7\" \/>\n<meta property=\"article:modified_time\" content=\"2024-09-27T08:32:30+00:00\" \/>\n<meta property=\"og:image\" content=\"https:\/\/fullsteelmp7.com\/wp-content\/uploads\/2024\/06\/Acero-Barelio-Desing-by-E-10008-300x300.png\" \/>\n<meta name=\"twitter:card\" content=\"summary_large_image\" \/>\n<meta name=\"twitter:label1\" content=\"Estimated reading time\" \/>\n\t<meta name=\"twitter:data1\" content=\"7 minutes\" \/>\n<script type=\"application\/ld+json\" class=\"yoast-schema-graph\">{\"@context\":\"https:\/\/schema.org\",\"@graph\":[{\"@type\":\"WebPage\",\"@id\":\"https:\/\/fullsteelmp7.com\/politica_priv\",\"url\":\"https:\/\/fullsteelmp7.com\/politica_priv\",\"name\":\"Pol\u00edtica de privacidad - Full Steel MP7\",\"isPartOf\":{\"@id\":\"https:\/\/fullsteelmp7.com\/#website\"},\"primaryImageOfPage\":{\"@id\":\"https:\/\/fullsteelmp7.com\/politica_priv#primaryimage\"},\"image\":{\"@id\":\"https:\/\/fullsteelmp7.com\/politica_priv#primaryimage\"},\"thumbnailUrl\":\"https:\/\/fullsteelmp7.com\/wp-content\/uploads\/2024\/06\/Acero-Barelio-Desing-by-E-10008-300x300.png\",\"datePublished\":\"2024-06-17T17:52:45+00:00\",\"dateModified\":\"2024-09-27T08:32:30+00:00\",\"breadcrumb\":{\"@id\":\"https:\/\/fullsteelmp7.com\/politica_priv#breadcrumb\"},\"inLanguage\":\"en-GB\",\"potentialAction\":[{\"@type\":\"ReadAction\",\"target\":[\"https:\/\/fullsteelmp7.com\/politica_priv\"]}]},{\"@type\":\"ImageObject\",\"inLanguage\":\"en-GB\",\"@id\":\"https:\/\/fullsteelmp7.com\/politica_priv#primaryimage\",\"url\":\"https:\/\/fullsteelmp7.com\/wp-content\/uploads\/2024\/06\/Acero-Barelio-Desing-by-E-10008-300x300.png\",\"contentUrl\":\"https:\/\/fullsteelmp7.com\/wp-content\/uploads\/2024\/06\/Acero-Barelio-Desing-by-E-10008-300x300.png\"},{\"@type\":\"BreadcrumbList\",\"@id\":\"https:\/\/fullsteelmp7.com\/politica_priv#breadcrumb\",\"itemListElement\":[{\"@type\":\"ListItem\",\"position\":1,\"name\":\"Portada\",\"item\":\"https:\/\/fullsteelmp7.com\/\"},{\"@type\":\"ListItem\",\"position\":2,\"name\":\"Pol\u00edtica de privacidad\"}]},{\"@type\":\"WebSite\",\"@id\":\"https:\/\/fullsteelmp7.com\/#website\",\"url\":\"https:\/\/fullsteelmp7.com\/\",\"name\":\"Full Steel MP7\",\"description\":\"Repuestos para mp7 en acero\",\"publisher\":{\"@id\":\"https:\/\/fullsteelmp7.com\/#organization\"},\"potentialAction\":[{\"@type\":\"SearchAction\",\"target\":{\"@type\":\"EntryPoint\",\"urlTemplate\":\"https:\/\/fullsteelmp7.com\/?s={search_term_string}\"},\"query-input\":{\"@type\":\"PropertyValueSpecification\",\"valueRequired\":true,\"valueName\":\"search_term_string\"}}],\"inLanguage\":\"en-GB\"},{\"@type\":\"Organization\",\"@id\":\"https:\/\/fullsteelmp7.com\/#organization\",\"name\":\"Full Steel MP7\",\"url\":\"https:\/\/fullsteelmp7.com\/\",\"logo\":{\"@type\":\"ImageObject\",\"inLanguage\":\"en-GB\",\"@id\":\"https:\/\/fullsteelmp7.com\/#\/schema\/logo\/image\/\",\"url\":\"https:\/\/fullsteelmp7.com\/wp-content\/uploads\/2025\/05\/cropped-Logo_Full_Steel_MP7_sin_fondo_512.png\",\"contentUrl\":\"https:\/\/fullsteelmp7.com\/wp-content\/uploads\/2025\/05\/cropped-Logo_Full_Steel_MP7_sin_fondo_512.png\",\"width\":512,\"height\":512,\"caption\":\"Full Steel MP7\"},\"image\":{\"@id\":\"https:\/\/fullsteelmp7.com\/#\/schema\/logo\/image\/\"},\"sameAs\":[\"https:\/\/www.instagram.com\/fullsteelmp7\/?igsh=MTk2dzk5YzU1ZDhuNQ\"]}]}<\/script>\n<!-- \/ Yoast SEO plugin. -->","yoast_head_json":{"title":"Pol\u00edtica de privacidad - Full Steel MP7","robots":{"index":"index","follow":"follow","max-snippet":"max-snippet:-1","max-image-preview":"max-image-preview:large","max-video-preview":"max-video-preview:-1"},"canonical":"https:\/\/fullsteelmp7.com\/en\/politica_priv\/","og_locale":"en_GB","og_type":"article","og_title":"Pol\u00edtica de privacidad - Full Steel MP7","og_description":"Pol\u00edtica de Privacidad La visita a este sitio Web no implica que el usuario est\u00e9 obligado a facilitar ninguna informaci\u00f3n. En el caso de que el usuario facilite alguna informaci\u00f3n de car\u00e1cter personal, los datos recogidos en este sitio web ser\u00e1n tratados de forma leal y l\u00edcita con sujeci\u00f3n en todo momento a los principios [&hellip;]","og_url":"https:\/\/fullsteelmp7.com\/en\/politica_priv\/","og_site_name":"Full Steel MP7","article_modified_time":"2024-09-27T08:32:30+00:00","og_image":[{"url":"https:\/\/fullsteelmp7.com\/wp-content\/uploads\/2024\/06\/Acero-Barelio-Desing-by-E-10008-300x300.png","type":"","width":"","height":""}],"twitter_card":"summary_large_image","twitter_misc":{"Estimated reading time":"7 minutes"},"schema":{"@context":"https:\/\/schema.org","@graph":[{"@type":"WebPage","@id":"https:\/\/fullsteelmp7.com\/politica_priv","url":"https:\/\/fullsteelmp7.com\/politica_priv","name":"Pol\u00edtica de privacidad - Full Steel MP7","isPartOf":{"@id":"https:\/\/fullsteelmp7.com\/#website"},"primaryImageOfPage":{"@id":"https:\/\/fullsteelmp7.com\/politica_priv#primaryimage"},"image":{"@id":"https:\/\/fullsteelmp7.com\/politica_priv#primaryimage"},"thumbnailUrl":"https:\/\/fullsteelmp7.com\/wp-content\/uploads\/2024\/06\/Acero-Barelio-Desing-by-E-10008-300x300.png","datePublished":"2024-06-17T17:52:45+00:00","dateModified":"2024-09-27T08:32:30+00:00","breadcrumb":{"@id":"https:\/\/fullsteelmp7.com\/politica_priv#breadcrumb"},"inLanguage":"en-GB","potentialAction":[{"@type":"ReadAction","target":["https:\/\/fullsteelmp7.com\/politica_priv"]}]},{"@type":"ImageObject","inLanguage":"en-GB","@id":"https:\/\/fullsteelmp7.com\/politica_priv#primaryimage","url":"https:\/\/fullsteelmp7.com\/wp-content\/uploads\/2024\/06\/Acero-Barelio-Desing-by-E-10008-300x300.png","contentUrl":"https:\/\/fullsteelmp7.com\/wp-content\/uploads\/2024\/06\/Acero-Barelio-Desing-by-E-10008-300x300.png"},{"@type":"BreadcrumbList","@id":"https:\/\/fullsteelmp7.com\/politica_priv#breadcrumb","itemListElement":[{"@type":"ListItem","position":1,"name":"Portada","item":"https:\/\/fullsteelmp7.com\/"},{"@type":"ListItem","position":2,"name":"Pol\u00edtica de privacidad"}]},{"@type":"WebSite","@id":"https:\/\/fullsteelmp7.com\/#website","url":"https:\/\/fullsteelmp7.com\/","name":"Full Steel MP7","description":"Repuestos para mp7 en acero","publisher":{"@id":"https:\/\/fullsteelmp7.com\/#organization"},"potentialAction":[{"@type":"SearchAction","target":{"@type":"EntryPoint","urlTemplate":"https:\/\/fullsteelmp7.com\/?s={search_term_string}"},"query-input":{"@type":"PropertyValueSpecification","valueRequired":true,"valueName":"search_term_string"}}],"inLanguage":"en-GB"},{"@type":"Organization","@id":"https:\/\/fullsteelmp7.com\/#organization","name":"Full Steel MP7","url":"https:\/\/fullsteelmp7.com\/","logo":{"@type":"ImageObject","inLanguage":"en-GB","@id":"https:\/\/fullsteelmp7.com\/#\/schema\/logo\/image\/","url":"https:\/\/fullsteelmp7.com\/wp-content\/uploads\/2025\/05\/cropped-Logo_Full_Steel_MP7_sin_fondo_512.png","contentUrl":"https:\/\/fullsteelmp7.com\/wp-content\/uploads\/2025\/05\/cropped-Logo_Full_Steel_MP7_sin_fondo_512.png","width":512,"height":512,"caption":"Full Steel MP7"},"image":{"@id":"https:\/\/fullsteelmp7.com\/#\/schema\/logo\/image\/"},"sameAs":["https:\/\/www.instagram.com\/fullsteelmp7\/?igsh=MTk2dzk5YzU1ZDhuNQ"]}]}},"_links":{"self":[{"href":"https:\/\/fullsteelmp7.com\/en\/wp-json\/wp\/v2\/pages\/14","targetHints":{"allow":["GET"]}}],"collection":[{"href":"https:\/\/fullsteelmp7.com\/en\/wp-json\/wp\/v2\/pages"}],"about":[{"href":"https:\/\/fullsteelmp7.com\/en\/wp-json\/wp\/v2\/types\/page"}],"author":[{"embeddable":true,"href":"https:\/\/fullsteelmp7.com\/en\/wp-json\/wp\/v2\/users\/1"}],"replies":[{"embeddable":true,"href":"https:\/\/fullsteelmp7.com\/en\/wp-json\/wp\/v2\/comments?post=14"}],"version-history":[{"count":35,"href":"https:\/\/fullsteelmp7.com\/en\/wp-json\/wp\/v2\/pages\/14\/revisions"}],"predecessor-version":[{"id":3985,"href":"https:\/\/fullsteelmp7.com\/en\/wp-json\/wp\/v2\/pages\/14\/revisions\/3985"}],"wp:attachment":[{"href":"https:\/\/fullsteelmp7.com\/en\/wp-json\/wp\/v2\/media?parent=14"}],"curies":[{"name":"wp","href":"https:\/\/api.w.org\/{rel}","templated":true}]}}